{"id":11933,"date":"2024-06-13T10:58:02","date_gmt":"2024-06-13T08:58:02","guid":{"rendered":"https:\/\/neuropsychiatry-hiv.com\/streaming-17th-simposium\/"},"modified":"2025-05-24T18:26:54","modified_gmt":"2025-05-24T16:26:54","slug":"streaming-17o-simposio","status":"publish","type":"page","link":"https:\/\/neuropsychiatry-hiv.com\/es\/streaming-17o-simposio\/","title":{"rendered":"Streaming 18o Simposio"},"content":{"rendered":"\t\t<div data-elementor-type=\"wp-page\" data-elementor-id=\"11933\" class=\"elementor elementor-11933 elementor-11701\" data-elementor-post-type=\"page\">\n\t\t\t\t<div class=\"elementor-element elementor-element-bd96be4 e-flex e-con-boxed e-con e-parent\" data-id=\"bd96be4\" data-element_type=\"container\" data-e-type=\"container\" data-settings=\"{&quot;background_background&quot;:&quot;classic&quot;}\">\n\t\t\t\t\t<div class=\"e-con-inner\">\n\t\t\t\t<div class=\"elementor-element elementor-element-6121c21 elementor-fixed elementor-widget elementor-widget-image\" data-id=\"6121c21\" data-element_type=\"widget\" data-e-type=\"widget\" data-settings=\"{&quot;_position&quot;:&quot;fixed&quot;}\" data-widget_type=\"image.default\">\n\t\t\t\t<div class=\"elementor-widget-container\">\n\t\t\t\t\t\t\t\t\t\t\t\t\t\t\t<img decoding=\"async\" width=\"1\" height=\"1\" src=\"https:\/\/neuropsychiatry-hiv.com\/wp-content\/uploads\/2024\/01\/Recurso-17.svg\" class=\"attachment-large size-large wp-image-2386\" alt=\"\" \/>\t\t\t\t\t\t\t\t\t\t\t\t\t\t\t<\/div>\n\t\t\t\t<\/div>\n\t\t<div class=\"elementor-element elementor-element-bb560f0 e-con-full e-flex e-con e-child\" data-id=\"bb560f0\" data-element_type=\"container\" data-e-type=\"container\">\n\t\t\t\t<div class=\"elementor-element elementor-element-f49b521 elementor-widget elementor-widget-heading\" data-id=\"f49b521\" data-element_type=\"widget\" data-e-type=\"widget\" data-widget_type=\"heading.default\">\n\t\t\t\t<div class=\"elementor-widget-container\">\n\t\t\t\t\t<h1 class=\"elementor-heading-title elementor-size-default\">Streaming 18o Simposio<\/h1>\t\t\t\t<\/div>\n\t\t\t\t<\/div>\n\t\t\t\t<\/div>\n\t\t\t\t\t<\/div>\n\t\t\t\t<\/div>\n\t\t<div class=\"elementor-element elementor-element-47bcfc7 jedv-enabled--yes e-flex e-con-boxed e-con e-parent\" data-id=\"47bcfc7\" data-element_type=\"container\" data-e-type=\"container\" data-settings=\"{&quot;background_background&quot;:&quot;classic&quot;}\">\n\t\t\t\t\t<div class=\"e-con-inner\">\n\t\t<div class=\"elementor-element elementor-element-4b35cb2 e-con-full e-flex e-con e-child\" data-id=\"4b35cb2\" data-element_type=\"container\" data-e-type=\"container\">\n\t\t\t\t<div class=\"elementor-element elementor-element-d9868bc elementor-widget elementor-widget-heading\" data-id=\"d9868bc\" data-element_type=\"widget\" data-e-type=\"widget\" data-widget_type=\"heading.default\">\n\t\t\t\t<div class=\"elementor-widget-container\">\n\t\t\t\t\t<h2 class=\"elementor-heading-title elementor-size-default\">General information<\/h2>\t\t\t\t<\/div>\n\t\t\t\t<\/div>\n\t\t\t\t<\/div>\n\t\t<div class=\"elementor-element elementor-element-fbce05e e-flex e-con-boxed e-con e-child\" data-id=\"fbce05e\" data-element_type=\"container\" data-e-type=\"container\">\n\t\t\t\t\t<div class=\"e-con-inner\">\n\t\t\t\t<div class=\"elementor-element elementor-element-fdfbaa3 elementor-widget elementor-widget-text-editor\" data-id=\"fdfbaa3\" data-element_type=\"widget\" data-e-type=\"widget\" data-widget_type=\"text-editor.default\">\n\t\t\t\t<div class=\"elementor-widget-container\">\n\t\t\t\t\t\t\t\t\t<p>El acceso a los v\u00eddeos y presentaciones est\u00e1 restringido a los usuarios registrados en el 18th Symposium on Neuropsychiatry &amp; HIV.\u00a0<\/p><p>Por favor, inicie sesi\u00f3n con la <strong>direcci\u00f3n de correo electr\u00f3nico utilizada para el registro<\/strong> para asistir en persona u online y esta contrase\u00f1a: <strong>Streaming2025.<\/strong><\/p><p>Para registrar correctamente la participaci\u00f3n real de los asistentes, el sistema cerrar\u00e1 autom\u00e1ticamente la sesi\u00f3n:<br \/>a) En las pausas del simposio. Los asistentes necesitar\u00e1n volver a iniciar sesi\u00f3n con sus datos de usuario y contrase\u00f1a. <br \/>b) Despu\u00e9s de 30 minutos de inactividad del asistente.<\/p>\t\t\t\t\t\t\t\t<\/div>\n\t\t\t\t<\/div>\n\t\t\t\t\t<\/div>\n\t\t\t\t<\/div>\n\t\t<div class=\"elementor-element elementor-element-140131d jedv-enabled--yes e-flex e-con-boxed e-con e-child\" data-id=\"140131d\" data-element_type=\"container\" data-e-type=\"container\">\n\t\t\t\t\t<div class=\"e-con-inner\">\n\t\t\t\t<div class=\"elementor-element elementor-element-af8aeb2 elementor-widget elementor-widget-button\" data-id=\"af8aeb2\" data-element_type=\"widget\" data-e-type=\"widget\" data-widget_type=\"button.default\">\n\t\t\t\t<div class=\"elementor-widget-container\">\n\t\t\t\t\t\t\t\t\t<div class=\"elementor-button-wrapper\">\n\t\t\t\t\t<a class=\"elementor-button elementor-button-link elementor-size-sm\" href=\"#elementor-action%3Aaction%3Dpopup%3Aopen%26settings%3DeyJpZCI6NjU2NSwidG9nZ2xlIjpmYWxzZX0%3D\">\n\t\t\t\t\t\t<span class=\"elementor-button-content-wrapper\">\n\t\t\t\t\t\t\t\t\t<span class=\"elementor-button-text\">Login<\/span>\n\t\t\t\t\t<\/span>\n\t\t\t\t\t<\/a>\n\t\t\t\t<\/div>\n\t\t\t\t\t\t\t\t<\/div>\n\t\t\t\t<\/div>\n\t\t\t\t\t<\/div>\n\t\t\t\t<\/div>\n\t\t\t\t\t<\/div>\n\t\t\t\t<\/div>\n\t\t\t\t<\/div>\n\t\t","protected":false},"excerpt":{"rendered":"<p>Friday Saturday General information El acceso a los v\u00eddeos y presentaciones est\u00e1 restringido a los usuarios registrados en el 18th Symposium on Neuropsychiatry &amp; HIV.\u00a0 Por favor, inicie sesi\u00f3n con la direcci\u00f3n de correo electr\u00f3nico utilizada para el registro para asistir en persona u online y esta contrase\u00f1a: Streaming2025. Para registrar correctamente la participaci\u00f3n real [&hellip;]<\/p>\n","protected":false},"author":1,"featured_media":0,"parent":0,"menu_order":0,"comment_status":"closed","ping_status":"closed","template":"","meta":{"footnotes":""},"class_list":["post-11933","page","type-page","status-publish","hentry"],"_links":{"self":[{"href":"https:\/\/neuropsychiatry-hiv.com\/es\/wp-json\/wp\/v2\/pages\/11933","targetHints":{"allow":["GET"]}}],"collection":[{"href":"https:\/\/neuropsychiatry-hiv.com\/es\/wp-json\/wp\/v2\/pages"}],"about":[{"href":"https:\/\/neuropsychiatry-hiv.com\/es\/wp-json\/wp\/v2\/types\/page"}],"author":[{"embeddable":true,"href":"https:\/\/neuropsychiatry-hiv.com\/es\/wp-json\/wp\/v2\/users\/1"}],"replies":[{"embeddable":true,"href":"https:\/\/neuropsychiatry-hiv.com\/es\/wp-json\/wp\/v2\/comments?post=11933"}],"version-history":[{"count":17,"href":"https:\/\/neuropsychiatry-hiv.com\/es\/wp-json\/wp\/v2\/pages\/11933\/revisions"}],"predecessor-version":[{"id":13264,"href":"https:\/\/neuropsychiatry-hiv.com\/es\/wp-json\/wp\/v2\/pages\/11933\/revisions\/13264"}],"wp:attachment":[{"href":"https:\/\/neuropsychiatry-hiv.com\/es\/wp-json\/wp\/v2\/media?parent=11933"}],"curies":[{"name":"wp","href":"https:\/\/api.w.org\/{rel}","templated":true}]}}