{"id":3640,"date":"2024-01-15T17:39:25","date_gmt":"2024-01-15T16:39:25","guid":{"rendered":"https:\/\/neuropsychiatry-hiv.com\/privacy-policy-and-cookies\/"},"modified":"2024-05-08T09:33:51","modified_gmt":"2024-05-08T07:33:51","slug":"politica-de-privacidad-y-cookies","status":"publish","type":"page","link":"https:\/\/neuropsychiatry-hiv.com\/es\/politica-de-privacidad-y-cookies\/","title":{"rendered":"Pol\u00edtica de privacidad y cookies"},"content":{"rendered":"\t\t<div data-elementor-type=\"wp-page\" data-elementor-id=\"3640\" class=\"elementor elementor-3640 elementor-2999\" data-elementor-post-type=\"page\">\n\t\t\t\t<div class=\"elementor-element elementor-element-2371f6ef e-flex e-con-boxed e-con e-parent\" data-id=\"2371f6ef\" data-element_type=\"container\" data-e-type=\"container\" data-settings=\"{&quot;background_background&quot;:&quot;classic&quot;}\">\n\t\t\t\t\t<div class=\"e-con-inner\">\n\t\t\t\t<div class=\"elementor-element elementor-element-3203a05 elementor-widget elementor-widget-heading\" data-id=\"3203a05\" data-element_type=\"widget\" data-e-type=\"widget\" data-widget_type=\"heading.default\">\n\t\t\t\t<div class=\"elementor-widget-container\">\n\t\t\t\t\t<h1 class=\"elementor-heading-title elementor-size-default\">Pol\u00edtica de privacidad y cookies<\/h1>\t\t\t\t<\/div>\n\t\t\t\t<\/div>\n\t\t\t\t<div class=\"elementor-element elementor-element-4fd4a734 elementor-widget elementor-widget-text-editor\" data-id=\"4fd4a734\" data-element_type=\"widget\" data-e-type=\"widget\" data-widget_type=\"text-editor.default\">\n\t\t\t\t<div class=\"elementor-widget-container\">\n\t\t\t\t\t\t\t\t\t<p><\/p>\n<p>Con el fin de facilitar un desarrollo r\u00e1pido y eficaz de la relaci\u00f3n entre www.neuropsychiatry-hiv.com y los usuarios, a trav\u00e9s de la presente garant\u00eda legal, la privacidad de los servicios de acuerdo con las exigencias legales e informa acerca de su pol\u00edtica de protecci\u00f3n de datos de car\u00e1cter personal a los usuarios que libre y voluntariamente decidan si desean facilitar a www.neuropsychiatry-hiv.com sus datos personales a trav\u00e9s del correo electr\u00f3nico. Estos datos ser\u00e1n utilizados exclusivamente para informar a los usuarios de nuestros servicios que lo soliciten a trav\u00e9s del correo.<\/p>\n<p><\/p>\n<p>www.neuropsychiatry-hiv.com garantiza la confidencialidad de los datos de car\u00e1cter personal facilitados por los usuarios y su tratamiento automatizado de acuerdo con la legislaci\u00f3n sobre protecci\u00f3n de datos de car\u00e1cter personal (Ley Org\u00e1nica 3\/2018, de 5 de diciembre, de Protecci\u00f3n de Datos de Car\u00e1cter Personal, as\u00ed como toda la normativa aplicable en esta materia en Espa\u00f1a y en la U.E.).<\/p>\n<p><\/p>\n<p>INTERNATIONAL SYMPOSIUM ON NEUROPSYCHIATRY &amp; HIV ha implementado sistemas de seguridad para impedir el acceso a personas no autorizadas. Los usuarios responder\u00e1n de la veracidad de los datos facilitados a INTERNATIONAL SYMPOSIUM ON NEUROPSYCHIATRY &amp; HIV que se reserva el derecho a excluir de sus servicios a todo usuario que haya facilitado datos falsos.<\/p>\n<p><\/p>\n<p>No obstante, el usuario debe ser consciente de que las medidas de seguridad en Internet no son completamente seguras, que las medidas de seguridad adoptadas por INTERNATIONAL SYMPOSIUM ON NEUROPSYCHIATRY &amp; HIV s\u00f3lo afectan a los dispositivos electr\u00f3nicos de INTERNATIONAL SYMPOSIUM ON NEUROPSYCHIATRY &amp; HIV y del usuario y que los datos personales ser\u00e1n objeto de tratamiento automatizado.<\/p>\n<p><\/p>\n<p>www.neuropsychiatry-hiv.com podr\u00e1 modificar las presentes medidas de confidencialidad y seguridad para adaptarlas a las novedades legislativas y jurisprudenciales.<\/p>\n<p><\/p>\n<p>El usuario podr\u00e1 ejercer sus derechos de acceso, cancelaci\u00f3n, rectificaci\u00f3n y oposici\u00f3n al tratamiento, uso y cesi\u00f3n de sus datos enviando una carta a C&amp;C, Congresos y Convenciones. Av. Rep\u00fablica Argentina, 64. 08023-Barcelona (Espa\u00f1a) o por correo electr\u00f3nico a info@neuropsychiatry-hiv.com. Es necesario adjuntar fotocopia del DNI.<br \/>www.neuropsychiatry-hiv.com no compartir\u00e1 la informaci\u00f3n de identificaci\u00f3n personal que se recoja a trav\u00e9s del Sitio Web con terceros sin el consentimiento del usuario.<\/p>\n<p><\/p>\n<p><strong>Cookies.<\/strong><\/p>\n<p><\/p>\n<p>Este sitio utiliza \u00abcookies\u00bb con la finalidad de obtener informaci\u00f3n sobre el uso del sitio y poder modificarlos as\u00ed como detectar posibles fallos y completar la informaci\u00f3n necesaria en su caso. Las \u00abcookies\u00bb utilizadas son generadas por el servicio de Google Inc. Google Analytics.<br \/>Usted puede evitar el uso de \u00abcookies\u00bb de este sitio hizo los cambios apropiados en la configuraci\u00f3n de su navegador, deshabilitar el uso de \u00abcookies\u00bb por los sitios web.<\/p>\n<p><\/p>\n<p>Aviso sobre el uso de Google Analytics: \u00abEste sitio web utiliza Google Analytics, un servicio anal\u00edtico de web prestado por Google, Inc, una compa\u00f1\u00eda de Delaware con domicilio social en 1600 Amphitheatre Parkway, Mountain View (California), CA 94043, Estados Unidos (\u00bb Google \u00ab). Google Analytics utiliza \u00abcookies\u00bb, que son archivos de texto ubicados en su ordenador, para ayudar al website a analizar el uso que hacen los usuarios del sitio web. La informaci\u00f3n que genera la cookie acerca de su uso del website (incluyendo su direcci\u00f3n IP) ser\u00e1 directamente transmitida y archivada por Google en los servidores de Estados Unidos. Google usar\u00e1 esta informaci\u00f3n por cuenta nuestra con el prop\u00f3sito de seguir la pista de su uso del website, recopilando informes de la actividad del website y prestando otros servicios relacionados con la actividad del website y el uso de Internet. Google podr\u00e1 transmitir dicha informaci\u00f3n a terceros cuando as\u00ed se lo requiera la legislaci\u00f3n, o cuando dichos terceros procesen la informaci\u00f3n por cuenta de Google. Google no asociar\u00e1 su direcci\u00f3n IP con ning\u00fan otro dato del que disponga Google. puede Usted rechazar el tratamiento de los datos o la informaci\u00f3n rechazando el uso de cookies mediante la selecci\u00f3n de la configuraci\u00f3n apropiada de su navegador, sin embargo, debe Usted saber que si lo hace puede ser que no pueda usar la plena funcionabilidad de este website. al utilizar este website Usted consiente el tratamiento de informaci\u00f3n acerca de Usted por Google en la forma y para los fines arriba indicados.\u00a0<\/p>\n<p><\/p>\t\t\t\t\t\t\t\t<\/div>\n\t\t\t\t<\/div>\n\t\t\t\t\t<\/div>\n\t\t\t\t<\/div>\n\t\t\t\t<\/div>\n\t\t","protected":false},"excerpt":{"rendered":"<p>Con el fin de facilitar un desarrollo r\u00e1pido y eficaz de la relaci\u00f3n entre www.neuropsychiatry-hiv.com y los usuarios, a trav\u00e9s de la presente garant\u00eda legal, la privacidad de los servicios de acuerdo con las exigencias legales e informa acerca de su pol\u00edtica de protecci\u00f3n de datos de car\u00e1cter personal a los usuarios que libre y [&hellip;]<\/p>\n","protected":false},"author":1,"featured_media":0,"parent":0,"menu_order":0,"comment_status":"closed","ping_status":"closed","template":"","meta":{"footnotes":""},"class_list":["post-3640","page","type-page","status-publish","hentry"],"_links":{"self":[{"href":"https:\/\/neuropsychiatry-hiv.com\/es\/wp-json\/wp\/v2\/pages\/3640","targetHints":{"allow":["GET"]}}],"collection":[{"href":"https:\/\/neuropsychiatry-hiv.com\/es\/wp-json\/wp\/v2\/pages"}],"about":[{"href":"https:\/\/neuropsychiatry-hiv.com\/es\/wp-json\/wp\/v2\/types\/page"}],"author":[{"embeddable":true,"href":"https:\/\/neuropsychiatry-hiv.com\/es\/wp-json\/wp\/v2\/users\/1"}],"replies":[{"embeddable":true,"href":"https:\/\/neuropsychiatry-hiv.com\/es\/wp-json\/wp\/v2\/comments?post=3640"}],"version-history":[{"count":10,"href":"https:\/\/neuropsychiatry-hiv.com\/es\/wp-json\/wp\/v2\/pages\/3640\/revisions"}],"predecessor-version":[{"id":9753,"href":"https:\/\/neuropsychiatry-hiv.com\/es\/wp-json\/wp\/v2\/pages\/3640\/revisions\/9753"}],"wp:attachment":[{"href":"https:\/\/neuropsychiatry-hiv.com\/es\/wp-json\/wp\/v2\/media?parent=3640"}],"curies":[{"name":"wp","href":"https:\/\/api.w.org\/{rel}","templated":true}]}}