{"id":3713,"date":"2023-12-21T13:55:15","date_gmt":"2023-12-21T12:55:15","guid":{"rendered":"https:\/\/neuropsychiatry-hiv.com\/organization\/"},"modified":"2026-03-27T12:21:31","modified_gmt":"2026-03-27T11:21:31","slug":"coordinadores","status":"publish","type":"page","link":"https:\/\/neuropsychiatry-hiv.com\/es\/coordinadores\/","title":{"rendered":"Coordinadores"},"content":{"rendered":"\t\t<div data-elementor-type=\"wp-page\" data-elementor-id=\"3713\" class=\"elementor elementor-3713 elementor-906\" data-elementor-post-type=\"page\">\n\t\t\t\t<div class=\"elementor-element elementor-element-62ac8d6 e-flex e-con-boxed e-con e-parent\" data-id=\"62ac8d6\" data-element_type=\"container\" data-e-type=\"container\">\n\t\t\t\t\t<div class=\"e-con-inner\">\n\t\t\t\t<div class=\"elementor-element elementor-element-7c25c1c elementor-widget elementor-widget-heading\" data-id=\"7c25c1c\" data-element_type=\"widget\" data-e-type=\"widget\" data-widget_type=\"heading.default\">\n\t\t\t\t<div class=\"elementor-widget-container\">\n\t\t\t\t\t<h1 class=\"elementor-heading-title elementor-size-default\">Coordinadores<\/h1>\t\t\t\t<\/div>\n\t\t\t\t<\/div>\n\t\t\t\t<div class=\"elementor-element elementor-element-b7376dd elementor-fixed elementor-widget elementor-widget-image\" data-id=\"b7376dd\" data-element_type=\"widget\" data-e-type=\"widget\" data-settings=\"{&quot;_position&quot;:&quot;fixed&quot;}\" data-widget_type=\"image.default\">\n\t\t\t\t<div class=\"elementor-widget-container\">\n\t\t\t\t\t\t\t\t\t\t\t\t\t\t\t<img decoding=\"async\" width=\"1\" height=\"1\" src=\"https:\/\/neuropsychiatry-hiv.com\/wp-content\/uploads\/2024\/01\/Recurso-14.svg\" class=\"attachment-large size-large wp-image-2245\" alt=\"\" \/>\t\t\t\t\t\t\t\t\t\t\t\t\t\t\t<\/div>\n\t\t\t\t<\/div>\n\t\t<div class=\"elementor-element elementor-element-3ac89b5 e-con-full e-flex e-con e-child\" data-id=\"3ac89b5\" data-element_type=\"container\" data-e-type=\"container\">\n\t\t\t\t<div class=\"elementor-element elementor-element-ae01fe8 elementor-widget elementor-widget-image\" data-id=\"ae01fe8\" data-element_type=\"widget\" data-e-type=\"widget\" data-widget_type=\"image.default\">\n\t\t\t\t<div class=\"elementor-widget-container\">\n\t\t\t\t\t\t\t\t\t\t\t\t\t\t\t<img decoding=\"async\" width=\"1\" height=\"1\" src=\"https:\/\/neuropsychiatry-hiv.com\/wp-content\/uploads\/2026\/03\/Aula-Clinic.svg\" class=\"attachment-large size-large wp-image-14731\" alt=\"\" \/>\t\t\t\t\t\t\t\t\t\t\t\t\t\t\t<\/div>\n\t\t\t\t<\/div>\n\t\t\t\t<div class=\"elementor-element elementor-element-e59b8ab elementor-widget elementor-widget-image\" data-id=\"e59b8ab\" data-element_type=\"widget\" data-e-type=\"widget\" data-widget_type=\"image.default\">\n\t\t\t\t<div class=\"elementor-widget-container\">\n\t\t\t\t\t\t\t\t\t\t\t\t\t\t\t<img decoding=\"async\" width=\"1\" height=\"1\" src=\"https:\/\/neuropsychiatry-hiv.com\/wp-content\/uploads\/2026\/03\/Mon-Clinic.svg\" class=\"attachment-large size-large wp-image-14733\" alt=\"\" \/>\t\t\t\t\t\t\t\t\t\t\t\t\t\t\t<\/div>\n\t\t\t\t<\/div>\n\t\t\t\t<\/div>\n\t\t\t\t\t<\/div>\n\t\t\t\t<\/div>\n\t\t<div class=\"elementor-element elementor-element-01570ea e-flex e-con-boxed e-con e-parent\" data-id=\"01570ea\" data-element_type=\"container\" data-e-type=\"container\" data-settings=\"{&quot;background_background&quot;:&quot;classic&quot;}\">\n\t\t\t\t\t<div class=\"e-con-inner\">\n\t\t<div class=\"elementor-element elementor-element-c1ff0a8 e-con-full e-flex e-con e-child\" data-id=\"c1ff0a8\" data-element_type=\"container\" data-e-type=\"container\">\n\t\t\t\t<div class=\"elementor-element elementor-element-a08aa14 elementor-widget elementor-widget-jet-listing-grid\" data-id=\"a08aa14\" data-element_type=\"widget\" data-e-type=\"widget\" data-settings=\"{&quot;columns&quot;:&quot;2&quot;,&quot;columns_mobile&quot;:&quot;1&quot;}\" data-widget_type=\"jet-listing-grid.default\">\n\t\t\t\t<div class=\"elementor-widget-container\">\n\t\t\t\t\t<div class=\"jet-listing-grid jet-listing\"><div class=\"jet-listing-grid__items grid-col-desk-2 grid-col-tablet-2 grid-col-mobile-1 jet-listing-grid--3324\" data-queried-id=\"3713|WP_Post\" data-nav=\"{&quot;enabled&quot;:false,&quot;type&quot;:null,&quot;more_el&quot;:null,&quot;query&quot;:[],&quot;widget_settings&quot;:{&quot;lisitng_id&quot;:3324,&quot;posts_num&quot;:2,&quot;columns&quot;:2,&quot;columns_tablet&quot;:2,&quot;columns_mobile&quot;:1,&quot;column_min_width&quot;:240,&quot;column_min_width_tablet&quot;:240,&quot;column_min_width_mobile&quot;:240,&quot;inline_columns_css&quot;:false,&quot;is_archive_template&quot;:&quot;&quot;,&quot;post_status&quot;:[&quot;publish&quot;],&quot;use_random_posts_num&quot;:&quot;&quot;,&quot;max_posts_num&quot;:9,&quot;not_found_message&quot;:&quot;A speaker has yet to be added&quot;,&quot;is_masonry&quot;:false,&quot;equal_columns_height&quot;:&quot;&quot;,&quot;use_load_more&quot;:&quot;&quot;,&quot;load_more_id&quot;:&quot;&quot;,&quot;load_more_type&quot;:&quot;click&quot;,&quot;load_more_offset&quot;:{&quot;unit&quot;:&quot;px&quot;,&quot;size&quot;:0,&quot;sizes&quot;:[]},&quot;use_custom_post_types&quot;:&quot;&quot;,&quot;custom_post_types&quot;:[],&quot;hide_widget_if&quot;:&quot;&quot;,&quot;carousel_enabled&quot;:&quot;&quot;,&quot;slides_to_scroll&quot;:&quot;1&quot;,&quot;arrows&quot;:&quot;true&quot;,&quot;arrow_icon&quot;:&quot;fa fa-angle-left&quot;,&quot;dots&quot;:&quot;&quot;,&quot;autoplay&quot;:&quot;true&quot;,&quot;pause_on_hover&quot;:&quot;true&quot;,&quot;autoplay_speed&quot;:5000,&quot;infinite&quot;:&quot;true&quot;,&quot;center_mode&quot;:&quot;&quot;,&quot;effect&quot;:&quot;slide&quot;,&quot;speed&quot;:500,&quot;inject_alternative_items&quot;:&quot;&quot;,&quot;injection_items&quot;:[],&quot;scroll_slider_enabled&quot;:&quot;&quot;,&quot;scroll_slider_on&quot;:[&quot;desktop&quot;,&quot;tablet&quot;,&quot;mobile&quot;],&quot;custom_query&quot;:&quot;yes&quot;,&quot;custom_query_id&quot;:&quot;5&quot;,&quot;_element_id&quot;:&quot;&quot;,&quot;collapse_first_last_gap&quot;:false,&quot;list_tag_selection&quot;:&quot;&quot;,&quot;list_items_wrapper_tag&quot;:&quot;div&quot;,&quot;list_item_tag&quot;:&quot;div&quot;,&quot;empty_items_wrapper_tag&quot;:&quot;div&quot;}}\" data-page=\"1\" data-pages=\"1\" data-listing-source=\"query\" data-listing-id=\"3324\" data-query-id=\"5\"><div class=\"jet-listing-grid__item jet-listing-dynamic-post-4789\" data-post-id=\"4789\"  >\t\t<div data-elementor-type=\"jet-listing-items\" data-elementor-id=\"3324\" class=\"elementor elementor-3324\" data-elementor-post-type=\"jet-engine\">\n\t\t\t\t<div class=\"elementor-element elementor-element-e482610 e-con-full e-flex e-con e-child\" data-id=\"e482610\" data-element_type=\"container\" data-e-type=\"container\">\n\t\t\t\t<div class=\"elementor-element elementor-element-b684170 tu-clase-imagen  elementor-widget elementor-widget-image\" data-id=\"b684170\" data-element_type=\"widget\" data-e-type=\"widget\" data-widget_type=\"image.default\">\n\t\t\t\t<div class=\"elementor-widget-container\">\n\t\t\t\t\t\t\t\t\t\t\t\t\t\t\t<img loading=\"lazy\" decoding=\"async\" width=\"800\" height=\"800\" src=\"https:\/\/neuropsychiatry-hiv.com\/wp-content\/uploads\/2024\/01\/Jordi-1024x1024.png\" class=\"attachment-large size-large wp-image-4777\" alt=\"\" srcset=\"https:\/\/neuropsychiatry-hiv.com\/wp-content\/uploads\/2024\/01\/Jordi-1024x1024.png 1024w, https:\/\/neuropsychiatry-hiv.com\/wp-content\/uploads\/2024\/01\/Jordi-300x300.png 300w, https:\/\/neuropsychiatry-hiv.com\/wp-content\/uploads\/2024\/01\/Jordi-150x150.png 150w, https:\/\/neuropsychiatry-hiv.com\/wp-content\/uploads\/2024\/01\/Jordi-768x768.png 768w, https:\/\/neuropsychiatry-hiv.com\/wp-content\/uploads\/2024\/01\/Jordi-600x600.png 600w, https:\/\/neuropsychiatry-hiv.com\/wp-content\/uploads\/2024\/01\/Jordi-100x100.png 100w, https:\/\/neuropsychiatry-hiv.com\/wp-content\/uploads\/2024\/01\/Jordi.png 1416w\" sizes=\"(max-width: 800px) 100vw, 800px\" \/>\t\t\t\t\t\t\t\t\t\t\t\t\t\t\t<\/div>\n\t\t\t\t<\/div>\n\t\t<div class=\"elementor-element elementor-element-30fe9d8 e-flex e-con-boxed e-con e-child\" data-id=\"30fe9d8\" data-element_type=\"container\" data-e-type=\"container\" data-settings=\"{&quot;background_background&quot;:&quot;classic&quot;}\">\n\t\t\t\t\t<div class=\"e-con-inner\">\n\t\t\t\t<div class=\"elementor-element elementor-element-7465a56 elementor-widget elementor-widget-heading\" data-id=\"7465a56\" data-element_type=\"widget\" data-e-type=\"widget\" data-widget_type=\"heading.default\">\n\t\t\t\t<div class=\"elementor-widget-container\">\n\t\t\t\t\t<h2 class=\"elementor-heading-title elementor-size-default\">Jordi Blanch, M.D.<\/h2>\t\t\t\t<\/div>\n\t\t\t\t<\/div>\n\t\t\t\t<div class=\"elementor-element elementor-element-637bc98 elementor-widget-divider--view-line elementor-widget elementor-widget-divider\" data-id=\"637bc98\" data-element_type=\"widget\" data-e-type=\"widget\" data-widget_type=\"divider.default\">\n\t\t\t\t<div class=\"elementor-widget-container\">\n\t\t\t\t\t\t\t<div class=\"elementor-divider\">\n\t\t\t<span class=\"elementor-divider-separator\">\n\t\t\t\t\t\t<\/span>\n\t\t<\/div>\n\t\t\t\t\t\t<\/div>\n\t\t\t\t<\/div>\n\t\t\t\t<div class=\"elementor-element elementor-element-a419423 elementor-widget elementor-widget-text-editor\" data-id=\"a419423\" data-element_type=\"widget\" data-e-type=\"widget\" data-widget_type=\"text-editor.default\">\n\t\t\t\t<div class=\"elementor-widget-container\">\n\t\t\t\t\t\t\t\t\t<p>Servicio Psiquiatr\u00eda. Hospital Universitario Cl\u00ednic. Barcelona, Espa\u00f1a.<br \/>\nGesti\u00f3n de Servicios Sanitarios de Lleida, Espa\u00f1a<\/p>\n\t\t\t\t\t\t\t\t<\/div>\n\t\t\t\t<\/div>\n\t\t\t\t\t<\/div>\n\t\t\t\t<\/div>\n\t\t\t\t<div class=\"elementor-element elementor-element-2fe2bf8 elementor-widget elementor-widget-text-editor\" data-id=\"2fe2bf8\" data-element_type=\"widget\" data-e-type=\"widget\" data-widget_type=\"text-editor.default\">\n\t\t\t\t<div class=\"elementor-widget-container\">\n\t\t\t\t\t\t\t\t\t<p>Jordi Blanch estudi\u00f3 en la Escuela de Medicina de Barcelona (1986-1992). M\u00e1s tarde se especializ\u00f3 en Psiquiatr\u00eda en el Hospital Cl\u00ednico de Barcelona (1993-1996). En 2002 obtuvo su doctorado de la Universidad de Barcelona con estudios sobre el efecto de la depresi\u00f3n en la progresi\u00f3n de la infecci\u00f3n por VIH y en la adherencia al tratamiento. Aparte de estudiar Medicina, estudi\u00f3 Filosof\u00eda en la Universidad de Barcelona (1987-1993).<\/p>\n<p>En 1997 Jordi Blanch comenz\u00f3 a trabajar en el Departamento de Psiquiatr\u00eda del Hospital Cl\u00ednic de Barcelona. Ha sido jefe del Departamento de Emergencias de Psiquiatr\u00eda durante dos a\u00f1os (2007-2009). Desde 2009 es el jefe de la Cl\u00ednica Ambulatoria del Departamento de Psiquiatr\u00eda y Psicolog\u00eda del Hospital Cl\u00ednic de Barcelona. C\u00e1tedra de Asuntos Educativos del Instituto Cl\u00ednico de Neurociencias en el Hospital Cl\u00ednic de Barcelona desde 2009.<\/p>\n<p>En 1995, durante los \u00faltimos a\u00f1os de su residencia, comenz\u00f3 a dedicar parte de su tiempo a atender trastornos psiqui\u00e1tricos y psiqui\u00e1tricos en pacientes m\u00e9dicos gravemente enfermos (oncolog\u00eda, trasplante de m\u00e9dula \u00f3sea, trasplante de \u00f3rganos s\u00f3lidos y otros), y m\u00e1s espec\u00edficamente, en personas infectadas por el VIH.<\/p>\n<p>Es miembro de la Organizaci\u00f3n de Psiquiatras del SIDA. Es miembro de la Secci\u00f3n de Psiquiatr\u00eda del VIH \/ SIDA de la Asociaci\u00f3n Mundial de Psiquiatr\u00eda. Es miembro fundador del Simposio Internacional sobre Psiquiatr\u00eda y VIH.<\/p>\n<p>Ha sido presidente de la Sociedad Catalana de Psiquiatr\u00eda y Salud Mental.<\/p>\n<p>Ha sido coautor de las Directrices espa\u00f1olas para el tratamiento cl\u00ednico de los trastornos neurocognitivos asociados a la infecci\u00f3n por VIH. Tambi\u00e9n ha realizado investigaciones en el campo de los trastornos psiqui\u00e1tricos y psicol\u00f3gicos asociados a la infecci\u00f3n por VIH. Es autor de m\u00e1s de 50 art\u00edculos y ha ejercido de revisor de las siguientes revistas: Cuidado del SIDA, Investigaci\u00f3n y Terapia del SIDA, Terapia Antiviral, Enfermedades Infecciosas Cl\u00ednicas, Investigaci\u00f3n Actual sobre el VIH, Enfermedades Infecciosas y Microbiolog\u00eda Cl\u00ednica, Estudios Cl\u00ednicos sobre el VIH, Medicina del VIH, Internacional Revista de Psiquiatr\u00eda en la Pr\u00e1ctica Cl\u00ednica, Revista de Sida, Revista de Investigaci\u00f3n sobre Sida y VIH, Revista de Investigaci\u00f3n Psicosom\u00e1tica, Medicina Cl\u00ednica Investigaci\u00f3n sobre Psiquiatr\u00eda, Psico-oncolog\u00eda, Psicoterapia y Psicosom\u00e1tica, Estr\u00e9s.<\/p>\n\t\t\t\t\t\t\t\t<\/div>\n\t\t\t\t<\/div>\n\t\t\t\t<\/div>\n\t\t\t\t<\/div>\n\t\t<\/div><div class=\"jet-listing-grid__item jet-listing-dynamic-post-3691\" data-post-id=\"3691\"  >\t\t<div data-elementor-type=\"jet-listing-items\" data-elementor-id=\"3324\" class=\"elementor elementor-3324\" data-elementor-post-type=\"jet-engine\">\n\t\t\t\t<div class=\"elementor-element elementor-element-e482610 e-con-full e-flex e-con e-child\" data-id=\"e482610\" data-element_type=\"container\" data-e-type=\"container\">\n\t\t\t\t<div class=\"elementor-element elementor-element-b684170 tu-clase-imagen  elementor-widget elementor-widget-image\" data-id=\"b684170\" data-element_type=\"widget\" data-e-type=\"widget\" data-widget_type=\"image.default\">\n\t\t\t\t<div class=\"elementor-widget-container\">\n\t\t\t\t\t\t\t\t\t\t\t\t\t\t\t<img loading=\"lazy\" decoding=\"async\" width=\"800\" height=\"800\" src=\"https:\/\/neuropsychiatry-hiv.com\/wp-content\/uploads\/2024\/01\/Esteban-1024x1024.png\" class=\"attachment-large size-large wp-image-4781\" alt=\"\" srcset=\"https:\/\/neuropsychiatry-hiv.com\/wp-content\/uploads\/2024\/01\/Esteban-1024x1024.png 1024w, https:\/\/neuropsychiatry-hiv.com\/wp-content\/uploads\/2024\/01\/Esteban-300x300.png 300w, https:\/\/neuropsychiatry-hiv.com\/wp-content\/uploads\/2024\/01\/Esteban-150x150.png 150w, https:\/\/neuropsychiatry-hiv.com\/wp-content\/uploads\/2024\/01\/Esteban-768x768.png 768w, https:\/\/neuropsychiatry-hiv.com\/wp-content\/uploads\/2024\/01\/Esteban-600x600.png 600w, https:\/\/neuropsychiatry-hiv.com\/wp-content\/uploads\/2024\/01\/Esteban-100x100.png 100w, https:\/\/neuropsychiatry-hiv.com\/wp-content\/uploads\/2024\/01\/Esteban.png 1415w\" sizes=\"(max-width: 800px) 100vw, 800px\" \/>\t\t\t\t\t\t\t\t\t\t\t\t\t\t\t<\/div>\n\t\t\t\t<\/div>\n\t\t<div class=\"elementor-element elementor-element-30fe9d8 e-flex e-con-boxed e-con e-child\" data-id=\"30fe9d8\" data-element_type=\"container\" data-e-type=\"container\" data-settings=\"{&quot;background_background&quot;:&quot;classic&quot;}\">\n\t\t\t\t\t<div class=\"e-con-inner\">\n\t\t\t\t<div class=\"elementor-element elementor-element-7465a56 elementor-widget elementor-widget-heading\" data-id=\"7465a56\" data-element_type=\"widget\" data-e-type=\"widget\" data-widget_type=\"heading.default\">\n\t\t\t\t<div class=\"elementor-widget-container\">\n\t\t\t\t\t<h2 class=\"elementor-heading-title elementor-size-default\">Esteban Mart\u00ednez Chamorro, M.D.<\/h2>\t\t\t\t<\/div>\n\t\t\t\t<\/div>\n\t\t\t\t<div class=\"elementor-element elementor-element-637bc98 elementor-widget-divider--view-line elementor-widget elementor-widget-divider\" data-id=\"637bc98\" data-element_type=\"widget\" data-e-type=\"widget\" data-widget_type=\"divider.default\">\n\t\t\t\t<div class=\"elementor-widget-container\">\n\t\t\t\t\t\t\t<div class=\"elementor-divider\">\n\t\t\t<span class=\"elementor-divider-separator\">\n\t\t\t\t\t\t<\/span>\n\t\t<\/div>\n\t\t\t\t\t\t<\/div>\n\t\t\t\t<\/div>\n\t\t\t\t<div class=\"elementor-element elementor-element-a419423 elementor-widget elementor-widget-text-editor\" data-id=\"a419423\" data-element_type=\"widget\" data-e-type=\"widget\" data-widget_type=\"text-editor.default\">\n\t\t\t\t<div class=\"elementor-widget-container\">\n\t\t\t\t\t\t\t\t\t<p>Unidad de Enfermedades Infecciosas. Hospital U. Clinic. Barcelona, Espa\u00f1a<\/p>\n\t\t\t\t\t\t\t\t<\/div>\n\t\t\t\t<\/div>\n\t\t\t\t\t<\/div>\n\t\t\t\t<\/div>\n\t\t\t\t<div class=\"elementor-element elementor-element-2fe2bf8 elementor-widget elementor-widget-text-editor\" data-id=\"2fe2bf8\" data-element_type=\"widget\" data-e-type=\"widget\" data-widget_type=\"text-editor.default\">\n\t\t\t\t<div class=\"elementor-widget-container\">\n\t\t\t\t\t\t\t\t\t<p>Esteban Mart\u00ednez estudi\u00f3 en la Facultad de Medicina de Valladolid, Espa\u00f1a, de 1980 a 1986. Se especializ\u00f3 en Medicina Interna en el Hospital de la Santa Creu i Sant Pau de Barcelona, Espa\u00f1a, de 1988 a 1992, y, en 1996, se doctor\u00f3 por la Universidad Aut\u00f3noma de Barcelona con estudios sobre infecciones neuroquir\u00fargicas.<\/p>\n<p>En 1994, Esteban Mart\u00ednez comenz\u00f3 a trabajar en la Unidad de Enfermedades Infecciosas del Hospital Cl\u00ednico de Barcelona.<\/p>\n<p>En 1994, Esteban Mart\u00ednez empez\u00f3 a trabajar en la Unidad de Enfermedades Infecciosas del Hospital Cl\u00ednic de Barcelona. Desde 1996, se dedica a la atenci\u00f3n de personas infectadas por el VIH y, desde 2001, imparte clases de enfermedades infecciosas en la Universidad de Barcelona como Profesor Asociado de Medicina. Es miembro del Consejo Cient\u00edfico del International Workshop on Adverse Drug Reactions and Co-morbidities in HIV, ha sido coautor de las Guidelines for the Prevention and Management of Non-Infectious Co-Morbidities in HIV (European AIDS Clinical Society), es miembro de la European AIDS Clinical Society (EACS) y fue elegido Representante Regional (Sur de Europa) de la EACS en 2012, y ha sido miembro fundador del Simposio Internacional sobre Psiquiatr\u00eda y VIH. Es miembro del Consejo Editorial de HIV Medicine, The Scientific World Journal y The Open AIDS Journal.<\/p>\n<p>Sus campos de inter\u00e9s son la psiquiatr\u00eda y el VIH.<\/p>\n<p>Sus campos de inter\u00e9s incluyen las infecciones oportunistas (riesgo y retirada de la profilaxis en la era TARGA), simplificaci\u00f3n de la terapia antirretroviral (estudios switch), incidencia y causas de muerte en personas infectadas por VIH que reciben terapia antirretroviral, toxicidad antirretroviral (nefolitiasis asociada a indinavir, hepatitis no asociada a nucle\u00f3sidos, riesgo y tratamiento de la dislipidemia), lipodistrofia (incidencia, diagn\u00f3stico, riesgo e intervenciones) y complicaciones no infecciosas en pacientes infectados por el VIH (enfermedades del sistema nervioso central, renales, \u00f3seas y, sobre todo, cardiovasculares). Es autor de m\u00e1s de 200 art\u00edculos. Ha sido revisor habitual de las principales revistas de Medicina (New England Journal of Medicine, Lancet, JAMA, Annals of Internal Medicine, Clinical Medicine), Enfermedades Infecciosas (Clinical Infectious Diseases, Journal of Infectious Diseases, Emerging Infectious Diseases, Infectious Diseases and Clinical Microbiology), Quimioterapia (Journal of Antimicrobial Chemotherapy, Antiviral Therapy), y VIH\/SIDA (AIDS, JAIDS, HIV Medicine, AIDS Research and Human Retroviruses).<\/p>\n<p>\n\t\t\t\t\t\t\t\t<\/div>\n\t\t\t\t<\/div>\n\t\t\t\t<\/div>\n\t\t\t\t<\/div>\n\t\t<\/div><\/div><\/div>\t\t\t\t<\/div>\n\t\t\t\t<\/div>\n\t\t\t\t<\/div>\n\t\t<div class=\"elementor-element elementor-element-9c2196a e-con-full elementor-hidden-mobile e-flex e-con e-child\" data-id=\"9c2196a\" data-element_type=\"container\" data-e-type=\"container\">\n\t\t\t\t<div class=\"elementor-element elementor-element-e962bd5 rotar-texto-90 elementor-widget elementor-widget-heading\" data-id=\"e962bd5\" data-element_type=\"widget\" data-e-type=\"widget\" data-widget_type=\"heading.default\">\n\t\t\t\t<div class=\"elementor-widget-container\">\n\t\t\t\t\t<h2 class=\"elementor-heading-title elementor-size-default\">Coordinadores<\/h2>\t\t\t\t<\/div>\n\t\t\t\t<\/div>\n\t\t\t\t<\/div>\n\t\t\t\t\t<\/div>\n\t\t\t\t<\/div>\n\t\t<div class=\"elementor-element elementor-element-b57de62 e-flex e-con-boxed e-con e-parent\" data-id=\"b57de62\" data-element_type=\"container\" data-e-type=\"container\" data-settings=\"{&quot;background_background&quot;:&quot;classic&quot;}\">\n\t\t\t\t\t<div class=\"e-con-inner\">\n\t\t<div class=\"elementor-element elementor-element-8c6290b e-con-full e-flex e-con e-child\" data-id=\"8c6290b\" data-element_type=\"container\" data-e-type=\"container\">\n\t\t\t\t<div class=\"elementor-element elementor-element-8b5c455 elementor-widget elementor-widget-heading\" data-id=\"8b5c455\" data-element_type=\"widget\" data-e-type=\"widget\" data-widget_type=\"heading.default\">\n\t\t\t\t<div class=\"elementor-widget-container\">\n\t\t\t\t\t<p class=\"elementor-heading-title elementor-size-default\">Queremos seguir mejorando este Simposio<\/p>\t\t\t\t<\/div>\n\t\t\t\t<\/div>\n\t\t\t\t<div class=\"elementor-element elementor-element-8a82ee8 elementor-widget elementor-widget-button\" data-id=\"8a82ee8\" data-element_type=\"widget\" data-e-type=\"widget\" data-widget_type=\"button.default\">\n\t\t\t\t<div class=\"elementor-widget-container\">\n\t\t\t\t\t\t\t\t\t<div class=\"elementor-button-wrapper\">\n\t\t\t\t\t<a class=\"elementor-button elementor-button-link elementor-size-sm\" href=\"https:\/\/neuropsychiatry-hiv.com\/es\/contacto\/\">\n\t\t\t\t\t\t<span class=\"elementor-button-content-wrapper\">\n\t\t\t\t\t\t\t\t\t<span class=\"elementor-button-text\">\u00bfAlguna sugerencia?<\/span>\n\t\t\t\t\t<\/span>\n\t\t\t\t\t<\/a>\n\t\t\t\t<\/div>\n\t\t\t\t\t\t\t\t<\/div>\n\t\t\t\t<\/div>\n\t\t\t\t<\/div>\n\t\t\t\t\t<\/div>\n\t\t\t\t<\/div>\n\t\t\t\t<\/div>\n\t\t","protected":false},"excerpt":{"rendered":"<p>Coordinadores Queremos seguir mejorando este Simposio \u00bfAlguna sugerencia?<\/p>\n","protected":false},"author":1,"featured_media":0,"parent":0,"menu_order":0,"comment_status":"closed","ping_status":"closed","template":"elementor_header_footer","meta":{"footnotes":""},"class_list":["post-3713","page","type-page","status-publish","hentry"],"_links":{"self":[{"href":"https:\/\/neuropsychiatry-hiv.com\/es\/wp-json\/wp\/v2\/pages\/3713","targetHints":{"allow":["GET"]}}],"collection":[{"href":"https:\/\/neuropsychiatry-hiv.com\/es\/wp-json\/wp\/v2\/pages"}],"about":[{"href":"https:\/\/neuropsychiatry-hiv.com\/es\/wp-json\/wp\/v2\/types\/page"}],"author":[{"embeddable":true,"href":"https:\/\/neuropsychiatry-hiv.com\/es\/wp-json\/wp\/v2\/users\/1"}],"replies":[{"embeddable":true,"href":"https:\/\/neuropsychiatry-hiv.com\/es\/wp-json\/wp\/v2\/comments?post=3713"}],"version-history":[{"count":7,"href":"https:\/\/neuropsychiatry-hiv.com\/es\/wp-json\/wp\/v2\/pages\/3713\/revisions"}],"predecessor-version":[{"id":14739,"href":"https:\/\/neuropsychiatry-hiv.com\/es\/wp-json\/wp\/v2\/pages\/3713\/revisions\/14739"}],"wp:attachment":[{"href":"https:\/\/neuropsychiatry-hiv.com\/es\/wp-json\/wp\/v2\/media?parent=3713"}],"curies":[{"name":"wp","href":"https:\/\/api.w.org\/{rel}","templated":true}]}}