{"id":5127,"date":"2024-01-23T15:48:44","date_gmt":"2024-01-23T14:48:44","guid":{"rendered":"https:\/\/neuropsychiatry-hiv.com\/registration-form\/"},"modified":"2026-01-19T12:54:08","modified_gmt":"2026-01-19T11:54:08","slug":"formulario-de-registro","status":"publish","type":"page","link":"https:\/\/neuropsychiatry-hiv.com\/es\/formulario-de-registro\/","title":{"rendered":"Registro 19\u00ba Simposio"},"content":{"rendered":"\t\t<div data-elementor-type=\"wp-page\" data-elementor-id=\"5127\" class=\"elementor elementor-5127 elementor-3865\" data-elementor-post-type=\"page\">\n\t\t\t\t<div class=\"elementor-element elementor-element-c85221d e-flex e-con-boxed e-con e-parent\" data-id=\"c85221d\" data-element_type=\"container\" data-e-type=\"container\" data-settings=\"{&quot;background_background&quot;:&quot;classic&quot;}\">\n\t\t\t\t\t<div class=\"e-con-inner\">\n\t\t\t\t<div class=\"elementor-element elementor-element-73747c2 elementor-fixed elementor-widget elementor-widget-image\" data-id=\"73747c2\" data-element_type=\"widget\" data-e-type=\"widget\" data-settings=\"{&quot;_position&quot;:&quot;fixed&quot;}\" data-widget_type=\"image.default\">\n\t\t\t\t<div class=\"elementor-widget-container\">\n\t\t\t\t\t\t\t\t\t\t\t\t\t\t\t<img decoding=\"async\" width=\"1\" height=\"1\" src=\"https:\/\/neuropsychiatry-hiv.com\/wp-content\/uploads\/2024\/01\/Recurso-17.svg\" class=\"attachment-large size-large wp-image-2386\" alt=\"\" \/>\t\t\t\t\t\t\t\t\t\t\t\t\t\t\t<\/div>\n\t\t\t\t<\/div>\n\t\t<div class=\"elementor-element elementor-element-2c5fdea e-con-full e-flex e-con e-child\" data-id=\"2c5fdea\" data-element_type=\"container\" data-e-type=\"container\">\n\t\t\t\t<div class=\"elementor-element elementor-element-8faa654 elementor-widget elementor-widget-heading\" data-id=\"8faa654\" data-element_type=\"widget\" data-e-type=\"widget\" data-widget_type=\"heading.default\">\n\t\t\t\t<div class=\"elementor-widget-container\">\n\t\t\t\t\t<h1 class=\"elementor-heading-title elementor-size-default\">Inscripci\u00f3n 19\u00ba  Simposio<\/h1>\t\t\t\t<\/div>\n\t\t\t\t<\/div>\n\t\t\t\t<\/div>\n\t\t\t\t\t<\/div>\n\t\t\t\t<\/div>\n\t\t<div class=\"elementor-element elementor-element-17d31c0 e-flex e-con-boxed e-con e-parent\" data-id=\"17d31c0\" data-element_type=\"container\" data-e-type=\"container\" data-settings=\"{&quot;background_background&quot;:&quot;classic&quot;}\">\n\t\t\t\t\t<div class=\"e-con-inner\">\n\t\t<div class=\"elementor-element elementor-element-7f319ac e-con-full e-flex e-con e-child\" data-id=\"7f319ac\" data-element_type=\"container\" data-e-type=\"container\">\n\t\t\t\t<div class=\"elementor-element elementor-element-6cf8013 elementor-widget elementor-widget-heading\" data-id=\"6cf8013\" data-element_type=\"widget\" data-e-type=\"widget\" data-widget_type=\"heading.default\">\n\t\t\t\t<div class=\"elementor-widget-container\">\n\t\t\t\t\t<h2 class=\"elementor-heading-title elementor-size-default\">Informaci\u00f3n sobre la inscripci\u00f3n<\/h2>\t\t\t\t<\/div>\n\t\t\t\t<\/div>\n\t\t\t\t<\/div>\n\t\t<div class=\"elementor-element elementor-element-8537c79 e-flex e-con-boxed e-con e-child\" data-id=\"8537c79\" data-element_type=\"container\" data-e-type=\"container\">\n\t\t\t\t\t<div class=\"e-con-inner\">\n\t\t\t\t<div class=\"elementor-element elementor-element-b9fb632 elementor-widget elementor-widget-text-editor\" data-id=\"b9fb632\" data-element_type=\"widget\" data-e-type=\"widget\" data-widget_type=\"text-editor.default\">\n\t\t\t\t<div class=\"elementor-widget-container\">\n\t\t\t\t\t\t\t\t\t<p><strong>Inscripci\u00f3n gratuita<\/strong><\/p><p><strong>Asistencia presencial <\/strong><span style=\"color: #c81f27;\">(Fecha l\u00edmite: 19 de abril de 2026)<\/span><\/p><p>Participaci\u00f3n en las sesiones cient\u00edficas, documentaci\u00f3n, certificado de asistencia, acceso completo a todo el simposio grabado, pausas para caf\u00e9 y comida.<\/p><p>Si tiene necesidades alimentarias especiales, por favor, comun\u00edquelo a <a href=\"mailto:info@neuropsychiatry-hiv.com\">info@neuropsychiatry-hiv.com<\/a><\/p><p><strong>Asistencia online<\/strong><\/p><p>Acceso en directo en streaming de v\u00eddeo HD, env\u00edo en directo de preguntas escritas a los ponentes, certificado de asistencia*, acceso completo a todo el simposio grabado.<\/p><p><strong>Importante:<\/strong> La direcci\u00f3n de correo electr\u00f3nico facilitada en el formulario de inscripci\u00f3n ser\u00e1 el nombre de usuario para la asistencia en l\u00ednea al evento los d\u00edas 24 y 25 de abril de 2026.\u00a0<\/p><p>Puede cambiar su contrase\u00f1a en cualquier momento haciendo clic en el <a href=\"https:\/\/neuropsychiatry-hiv.com\/my-account\/lost-password\/\">siguiente enlace.<\/a><\/p>\t\t\t\t\t\t\t\t<\/div>\n\t\t\t\t<\/div>\n\t\t\t\t\t<\/div>\n\t\t\t\t<\/div>\n\t\t\t\t<div class=\"elementor-element elementor-element-00b026c elementor-widget elementor-widget-button\" data-id=\"00b026c\" data-element_type=\"widget\" data-e-type=\"widget\" data-widget_type=\"button.default\">\n\t\t\t\t<div class=\"elementor-widget-container\">\n\t\t\t\t\t\t\t\t\t<div class=\"elementor-button-wrapper\">\n\t\t\t\t\t<a class=\"elementor-button elementor-button-link elementor-size-sm\" href=\"https:\/\/neuropsychiatry-hiv.com\/es\/confirmar\/?add-to-cart=14300\">\n\t\t\t\t\t\t<span class=\"elementor-button-content-wrapper\">\n\t\t\t\t\t\t\t\t\t<span class=\"elementor-button-text\">Formulario de inscripci\u00f3n<\/span>\n\t\t\t\t\t<\/span>\n\t\t\t\t\t<\/a>\n\t\t\t\t<\/div>\n\t\t\t\t\t\t\t\t<\/div>\n\t\t\t\t<\/div>\n\t\t\t\t\t<\/div>\n\t\t\t\t<\/div>\n\t\t\t\t<\/div>\n\t\t","protected":false},"excerpt":{"rendered":"<p>Inscripci\u00f3n 19\u00ba Simposio Informaci\u00f3n sobre la inscripci\u00f3n Inscripci\u00f3n gratuita Asistencia presencial (Fecha l\u00edmite: 19 de abril de 2026) Participaci\u00f3n en las sesiones cient\u00edficas, documentaci\u00f3n, certificado de asistencia, acceso completo a todo el simposio grabado, pausas para caf\u00e9 y comida. Si tiene necesidades alimentarias especiales, por favor, comun\u00edquelo a info@neuropsychiatry-hiv.com Asistencia online Acceso en directo en [&hellip;]<\/p>\n","protected":false},"author":1,"featured_media":0,"parent":0,"menu_order":0,"comment_status":"closed","ping_status":"closed","template":"","meta":{"footnotes":""},"class_list":["post-5127","page","type-page","status-publish","hentry"],"_links":{"self":[{"href":"https:\/\/neuropsychiatry-hiv.com\/es\/wp-json\/wp\/v2\/pages\/5127","targetHints":{"allow":["GET"]}}],"collection":[{"href":"https:\/\/neuropsychiatry-hiv.com\/es\/wp-json\/wp\/v2\/pages"}],"about":[{"href":"https:\/\/neuropsychiatry-hiv.com\/es\/wp-json\/wp\/v2\/types\/page"}],"author":[{"embeddable":true,"href":"https:\/\/neuropsychiatry-hiv.com\/es\/wp-json\/wp\/v2\/users\/1"}],"replies":[{"embeddable":true,"href":"https:\/\/neuropsychiatry-hiv.com\/es\/wp-json\/wp\/v2\/comments?post=5127"}],"version-history":[{"count":268,"href":"https:\/\/neuropsychiatry-hiv.com\/es\/wp-json\/wp\/v2\/pages\/5127\/revisions"}],"predecessor-version":[{"id":14324,"href":"https:\/\/neuropsychiatry-hiv.com\/es\/wp-json\/wp\/v2\/pages\/5127\/revisions\/14324"}],"wp:attachment":[{"href":"https:\/\/neuropsychiatry-hiv.com\/es\/wp-json\/wp\/v2\/media?parent=5127"}],"curies":[{"name":"wp","href":"https:\/\/api.w.org\/{rel}","templated":true}]}}