{"id":9015,"date":"2024-04-04T18:11:16","date_gmt":"2024-04-04T16:11:16","guid":{"rendered":"https:\/\/neuropsychiatry-hiv.com\/cme-credits\/"},"modified":"2026-03-23T19:09:20","modified_gmt":"2026-03-23T18:09:20","slug":"cme-creditos","status":"publish","type":"page","link":"https:\/\/neuropsychiatry-hiv.com\/es\/cme-creditos\/","title":{"rendered":"CME Cr\u00e9ditos"},"content":{"rendered":"\t\t<div data-elementor-type=\"wp-page\" data-elementor-id=\"9015\" class=\"elementor elementor-9015 elementor-8909\" data-elementor-post-type=\"page\">\n\t\t\t\t<div class=\"elementor-element elementor-element-84ab5c9 e-flex e-con-boxed e-con e-parent\" data-id=\"84ab5c9\" data-element_type=\"container\" data-e-type=\"container\" data-settings=\"{&quot;background_background&quot;:&quot;classic&quot;}\">\n\t\t\t\t\t<div class=\"e-con-inner\">\n\t\t\t\t<div class=\"elementor-element elementor-element-a1d3f1c elementor-fixed elementor-widget elementor-widget-image\" data-id=\"a1d3f1c\" data-element_type=\"widget\" data-e-type=\"widget\" data-settings=\"{&quot;_position&quot;:&quot;fixed&quot;}\" data-widget_type=\"image.default\">\n\t\t\t\t<div class=\"elementor-widget-container\">\n\t\t\t\t\t\t\t\t\t\t\t\t\t\t\t<img decoding=\"async\" width=\"1\" height=\"1\" src=\"https:\/\/neuropsychiatry-hiv.com\/wp-content\/uploads\/2024\/01\/Recurso-17.svg\" class=\"attachment-large size-large wp-image-2386\" alt=\"\" \/>\t\t\t\t\t\t\t\t\t\t\t\t\t\t\t<\/div>\n\t\t\t\t<\/div>\n\t\t<div class=\"elementor-element elementor-element-345ff8e e-con-full e-flex e-con e-child\" data-id=\"345ff8e\" data-element_type=\"container\" data-e-type=\"container\">\n\t\t\t\t<div class=\"elementor-element elementor-element-2a8125d elementor-widget elementor-widget-heading\" data-id=\"2a8125d\" data-element_type=\"widget\" data-e-type=\"widget\" data-widget_type=\"heading.default\">\n\t\t\t\t<div class=\"elementor-widget-container\">\n\t\t\t\t\t<h1 class=\"elementor-heading-title elementor-size-default\">CME Cr\u00e9ditos<\/h1>\t\t\t\t<\/div>\n\t\t\t\t<\/div>\n\t\t\t\t<\/div>\n\t\t\t\t\t<\/div>\n\t\t\t\t<\/div>\n\t\t<div class=\"elementor-element elementor-element-c620688 e-flex e-con-boxed e-con e-parent\" data-id=\"c620688\" data-element_type=\"container\" data-e-type=\"container\" data-settings=\"{&quot;background_background&quot;:&quot;classic&quot;}\">\n\t\t\t\t\t<div class=\"e-con-inner\">\n\t\t<div class=\"elementor-element elementor-element-be9a069 e-con-full e-flex e-con e-child\" data-id=\"be9a069\" data-element_type=\"container\" data-e-type=\"container\">\n\t\t\t\t<div class=\"elementor-element elementor-element-54ffdff elementor-widget elementor-widget-heading\" data-id=\"54ffdff\" data-element_type=\"widget\" data-e-type=\"widget\" data-widget_type=\"heading.default\">\n\t\t\t\t<div class=\"elementor-widget-container\">\n\t\t\t\t\t<h2 class=\"elementor-heading-title elementor-size-default\">Informaci\u00f3n CME Cr\u00e9ditos<\/h2>\t\t\t\t<\/div>\n\t\t\t\t<\/div>\n\t\t\t\t<\/div>\n\t\t<div class=\"elementor-element elementor-element-cea91a0 e-flex e-con-boxed e-con e-child\" data-id=\"cea91a0\" data-element_type=\"container\" data-e-type=\"container\">\n\t\t\t\t\t<div class=\"e-con-inner\">\n\t\t\t\t<div class=\"elementor-element elementor-element-34a271b elementor-widget elementor-widget-text-editor\" data-id=\"34a271b\" data-element_type=\"widget\" data-e-type=\"widget\" data-widget_type=\"text-editor.default\">\n\t\t\t\t<div class=\"elementor-widget-container\">\n\t\t\t\t\t\t\t\t\t<p><span style=\"color: #c81f27;\"><strong>\u00bfC\u00f3mo obtener la acreditaci\u00f3n CME UEMS\/EACCME?<\/strong><\/span><br \/>Los participantes en el Simposio obtendr\u00e1n sus cr\u00e9ditos CME <strong>cumplimentando el cuestionario de evaluaci\u00f3n<\/strong> <strong>del programa<\/strong> <strong>del Simposio que estar\u00e1 disponible online\u00a0 una vez finalizado el Simposio, hasta el 15 de mayo de 2026.<\/strong> Recuerde que recibir\u00e1 por correo electr\u00f3nico el certificado con los cr\u00e9ditos correspondientes a las sesiones en las que haya participado personalmente o en streaming en directo.\u00a0<\/p><p>El proceso no le llevar\u00e1 m\u00e1s de 5 minutos. Agradecemos sus comentarios, ya que son una parte importante del proceso de acreditaci\u00f3n CME\/CPD y nos ayudan a mejorar futuras ediciones de este Simposio.<\/p><p>El\u00a0<strong>19th International Symposium on Neuropsychiatry &amp; HIV \u2013 Hybrid Edition,<\/strong> Barcelona, Espa\u00f1a 24\/04\/2026 \u2013 25\/04\/2026, ha sido acreditado por el European Accreditation Council for Continuing Medical Education (EACCME\u00ae) con <strong>9 cr\u00e9ditos CME europeos (ECMEC\u00aes)<\/strong>.<\/p><p>Cada m\u00e9dico especialista deber\u00e1 reclamar \u00fanicamente las horas de cr\u00e9dito que haya dedicado realmente a la actividad educativa.<\/p><p>Mediante un acuerdo entre la Union Europ\u00e9enne des M\u00e9decins Sp\u00e9cialistes y la American Medical Association, los m\u00e9dicos pueden convertir los cr\u00e9ditos EACCME\u00ae en un n\u00famero equivalente de Cr\u00e9ditos AMA PRA Categor\u00eda 1TM. Encontrar\u00e1 informaci\u00f3n sobre el proceso de conversi\u00f3n de cr\u00e9ditos EACCME\u00ae en cr\u00e9ditos AMA en\u00a0<a href=\"https:\/\/edhub.ama-assn.org\/pages\/applications\" target=\"_blank\" rel=\"noopener\">https:\/\/edhub.ama-assn.org\/pages\/applications<\/a><\/p><p>Las actividades educativas en directo, que tienen lugar fuera de Canad\u00e1, reconocidas por la EACCME\u00ae de la UEMS para los ECMEC\u00ae se consideran Actividades de Aprendizaje en Grupo Acreditadas (Secci\u00f3n 1), tal y como se definen en el Programa de Mantenimiento de la Certificaci\u00f3n del Real Colegio de M\u00e9dicos y Cirujanos de Canad\u00e1.<\/p><p><strong>Informaci\u00f3n relativa a la conversi\u00f3n de cr\u00e9ditos EACCME<\/strong><br \/>La conversi\u00f3n de cr\u00e9ditos se basar\u00e1 en que una (1) hora de participaci\u00f3n equivale a un cr\u00e9dito para todas las actividades. Los m\u00e9dicos que deseen convertir cr\u00e9ditos EACCME\u00ae en AMA PRA Category 1 Credit\u2122 deber\u00e1n acceder al sitio web de la AMA en <a href=\"https:\/\/edhub.ama-assn.org\/pages\/applications\" target=\"_blank\" rel=\"noopener\">https:\/\/edhub.ama-assn.org\/pages\/applications <\/a>para obtener la documentaci\u00f3n y las instrucciones necesarias. Los m\u00e9dicos y otros profesionales de la salud deber\u00e1n pagar una tasa de tramitaci\u00f3n a la AMA.<\/p><p>Para otros pa\u00edses, p\u00f3ngase en contacto con la autoridad de acreditaci\u00f3n nacional\/regional pertinente.<\/p>\t\t\t\t\t\t\t\t<\/div>\n\t\t\t\t<\/div>\n\t\t\t\t<div class=\"elementor-element elementor-element-040740b elementor-hidden-desktop elementor-hidden-tablet elementor-hidden-mobile elementor-widget elementor-widget-button\" data-id=\"040740b\" data-element_type=\"widget\" data-e-type=\"widget\" data-widget_type=\"button.default\">\n\t\t\t\t<div class=\"elementor-widget-container\">\n\t\t\t\t\t\t\t\t\t<div class=\"elementor-button-wrapper\">\n\t\t\t\t\t<a class=\"elementor-button elementor-button-link elementor-size-sm\" href=\"https:\/\/neuropsychiatry-hiv.com\/evaluation\/\">\n\t\t\t\t\t\t<span class=\"elementor-button-content-wrapper\">\n\t\t\t\t\t\t\t\t\t<span class=\"elementor-button-text\">Formulario Evaluaci\u00f3n <\/span>\n\t\t\t\t\t<\/span>\n\t\t\t\t\t<\/a>\n\t\t\t\t<\/div>\n\t\t\t\t\t\t\t\t<\/div>\n\t\t\t\t<\/div>\n\t\t\t\t\t<\/div>\n\t\t\t\t<\/div>\n\t\t\t\t\t<\/div>\n\t\t\t\t<\/div>\n\t\t\t\t<\/div>\n\t\t","protected":false},"excerpt":{"rendered":"<p>CME Cr\u00e9ditos Informaci\u00f3n CME Cr\u00e9ditos \u00bfC\u00f3mo obtener la acreditaci\u00f3n CME UEMS\/EACCME?Los participantes en el Simposio obtendr\u00e1n sus cr\u00e9ditos CME cumplimentando el cuestionario de evaluaci\u00f3n del programa del Simposio que estar\u00e1 disponible online\u00a0 una vez finalizado el Simposio, hasta el 15 de mayo de 2026. Recuerde que recibir\u00e1 por correo electr\u00f3nico el certificado con los cr\u00e9ditos [&hellip;]<\/p>\n","protected":false},"author":3,"featured_media":0,"parent":0,"menu_order":0,"comment_status":"closed","ping_status":"closed","template":"","meta":{"footnotes":""},"class_list":["post-9015","page","type-page","status-publish","hentry"],"_links":{"self":[{"href":"https:\/\/neuropsychiatry-hiv.com\/es\/wp-json\/wp\/v2\/pages\/9015","targetHints":{"allow":["GET"]}}],"collection":[{"href":"https:\/\/neuropsychiatry-hiv.com\/es\/wp-json\/wp\/v2\/pages"}],"about":[{"href":"https:\/\/neuropsychiatry-hiv.com\/es\/wp-json\/wp\/v2\/types\/page"}],"author":[{"embeddable":true,"href":"https:\/\/neuropsychiatry-hiv.com\/es\/wp-json\/wp\/v2\/users\/3"}],"replies":[{"embeddable":true,"href":"https:\/\/neuropsychiatry-hiv.com\/es\/wp-json\/wp\/v2\/comments?post=9015"}],"version-history":[{"count":52,"href":"https:\/\/neuropsychiatry-hiv.com\/es\/wp-json\/wp\/v2\/pages\/9015\/revisions"}],"predecessor-version":[{"id":14707,"href":"https:\/\/neuropsychiatry-hiv.com\/es\/wp-json\/wp\/v2\/pages\/9015\/revisions\/14707"}],"wp:attachment":[{"href":"https:\/\/neuropsychiatry-hiv.com\/es\/wp-json\/wp\/v2\/media?parent=9015"}],"curies":[{"name":"wp","href":"https:\/\/api.w.org\/{rel}","templated":true}]}}