{"id":9027,"date":"2024-04-04T18:43:45","date_gmt":"2024-04-04T16:43:45","guid":{"rendered":"https:\/\/neuropsychiatry-hiv.com\/faqs\/"},"modified":"2026-01-11T18:59:15","modified_gmt":"2026-01-11T17:59:15","slug":"preguntas-frecuentes","status":"publish","type":"page","link":"https:\/\/neuropsychiatry-hiv.com\/es\/preguntas-frecuentes\/","title":{"rendered":"Preguntas frecuentes"},"content":{"rendered":"\t\t<div data-elementor-type=\"wp-page\" data-elementor-id=\"9027\" class=\"elementor elementor-9027 elementor-8937\" data-elementor-post-type=\"page\">\n\t\t\t\t<div class=\"elementor-element elementor-element-84ab5c9 e-flex e-con-boxed e-con e-parent\" data-id=\"84ab5c9\" data-element_type=\"container\" data-e-type=\"container\" data-settings=\"{&quot;background_background&quot;:&quot;classic&quot;}\">\n\t\t\t\t\t<div class=\"e-con-inner\">\n\t\t\t\t<div class=\"elementor-element elementor-element-a1d3f1c elementor-fixed elementor-widget elementor-widget-image\" data-id=\"a1d3f1c\" data-element_type=\"widget\" data-e-type=\"widget\" data-settings=\"{&quot;_position&quot;:&quot;fixed&quot;}\" data-widget_type=\"image.default\">\n\t\t\t\t<div class=\"elementor-widget-container\">\n\t\t\t\t\t\t\t\t\t\t\t\t\t\t\t<img decoding=\"async\" width=\"1\" height=\"1\" src=\"https:\/\/neuropsychiatry-hiv.com\/wp-content\/uploads\/2024\/01\/Recurso-17.svg\" class=\"attachment-large size-large wp-image-2386\" alt=\"\" \/>\t\t\t\t\t\t\t\t\t\t\t\t\t\t\t<\/div>\n\t\t\t\t<\/div>\n\t\t<div class=\"elementor-element elementor-element-345ff8e e-con-full e-flex e-con e-child\" data-id=\"345ff8e\" data-element_type=\"container\" data-e-type=\"container\">\n\t\t\t\t<div class=\"elementor-element elementor-element-2a8125d elementor-widget elementor-widget-heading\" data-id=\"2a8125d\" data-element_type=\"widget\" data-e-type=\"widget\" data-widget_type=\"heading.default\">\n\t\t\t\t<div class=\"elementor-widget-container\">\n\t\t\t\t\t<h1 class=\"elementor-heading-title elementor-size-default\">Preguntas frecuentes<\/h1>\t\t\t\t<\/div>\n\t\t\t\t<\/div>\n\t\t\t\t<\/div>\n\t\t\t\t\t<\/div>\n\t\t\t\t<\/div>\n\t\t<div class=\"elementor-element elementor-element-c620688 e-flex e-con-boxed e-con e-parent\" data-id=\"c620688\" data-element_type=\"container\" data-e-type=\"container\" data-settings=\"{&quot;background_background&quot;:&quot;classic&quot;}\">\n\t\t\t\t\t<div class=\"e-con-inner\">\n\t\t<div class=\"elementor-element elementor-element-be9a069 e-con-full e-flex e-con e-child\" data-id=\"be9a069\" data-element_type=\"container\" data-e-type=\"container\">\n\t\t\t\t<div class=\"elementor-element elementor-element-54ffdff elementor-widget elementor-widget-heading\" data-id=\"54ffdff\" data-element_type=\"widget\" data-e-type=\"widget\" data-widget_type=\"heading.default\">\n\t\t\t\t<div class=\"elementor-widget-container\">\n\t\t\t\t\t<h2 class=\"elementor-heading-title elementor-size-default\">Preguntas frecuentes<\/h2>\t\t\t\t<\/div>\n\t\t\t\t<\/div>\n\t\t\t\t<\/div>\n\t\t<div class=\"elementor-element elementor-element-cea91a0 e-flex e-con-boxed e-con e-child\" data-id=\"cea91a0\" data-element_type=\"container\" data-e-type=\"container\">\n\t\t\t\t\t<div class=\"e-con-inner\">\n\t\t\t\t<div class=\"elementor-element elementor-element-34a271b elementor-widget elementor-widget-text-editor\" data-id=\"34a271b\" data-element_type=\"widget\" data-e-type=\"widget\" data-widget_type=\"text-editor.default\">\n\t\t\t\t<div class=\"elementor-widget-container\">\n\t\t\t\t\t\t\t\t\t<p>A continuaci\u00f3n encontrar\u00e1 una lista de preguntas y respuestas frecuentes. Si necesita cualquier otra informaci\u00f3n, puede enviar su pregunta a <a href=\"mailto:info@neuropsichiatry-hiv.com\">info@neuropsichiatry-hiv.com<\/a>.<\/p><h6><span style=\"color: #c81f27;\">\u00bfC\u00f3mo me inscribo en el simposio virtual?<\/span><\/h6><p>Puede inscribirse en l\u00ednea en el sitio web del simposio.<\/p><p>Recuerde que <strong>la direcci\u00f3n de correo electr\u00f3nico facilitada ser\u00e1 su identificaci\u00f3n como usuario para acceder a las sesiones.<\/strong><\/p><h6><span style=\"color: #c81f27;\">\u00bfPuedo inscribirme s\u00f3lo en uno de los d\u00edas del simposio o en una sesi\u00f3n concreta?<\/span><\/h6><p>No, s\u00f3lo es posible inscribirse al simposio completo.<\/p><h6><span style=\"color: #c81f27;\">\u00bfQu\u00e9 necesito para asistir al simposio virtual?<\/span><\/h6><p>Para asistir al simposio virtual, necesita una buena conexi\u00f3n a Internet, un dispositivo con conexi\u00f3n a Internet (ordenador, port\u00e1til, tableta\/iPad, smartphone) y una inscripci\u00f3n v\u00e1lida. Para tener una mayor estabilidad en la conexi\u00f3n, por favor con\u00e9ctese v\u00eda cable; no lo haga v\u00eda WiFi.<\/p><p><strong>Unos d\u00edas antes del Simposio, recibir\u00e1 por correo electr\u00f3nico los datos de conexi\u00f3n para asistir.<\/strong><\/p><h6><span style=\"color: #c81f27;\">\u00bfQu\u00e9 pasa si mi WIFI se desconecta en mitad de una sesi\u00f3n?<\/span><\/h6><p>No se preocupe. Todas las sesiones se grabar\u00e1n y estar\u00e1n disponibles para los asistentes inscritos del 15 de mayo al 15 de junio de 2026.<\/p><h6><span style=\"color: #c81f27;\">\u00bfPuedo descargar las diapositivas de las sesiones?<\/span><\/h6><p>S\u00ed, las diapositivas estar\u00e1n disponibles para ser descargadas a partir del 5 de mayo. <strong>Exclusivamente por los asistentes registrados.<\/strong><\/p><h6><span style=\"color: #c81f27;\">\u00bfC\u00f3mo puedo solicitar la acreditaci\u00f3n CME?<\/span><\/h6><p>Solicitado la acreditaci\u00f3n de la UEMS-EACCME<\/p><p>Para obtener el certificado por su participaci\u00f3n, deber\u00e1 cumplimentar el <strong>formulario de evaluaci\u00f3n del Simposio <span style=\"color: #c81f27;\">hasta el 15 de mayo.\u00a0\u00a0<\/span><\/strong><\/p><p>Una vez cumplimentado el formulario recibir\u00e1 por correo electr\u00f3nico el certificado con los cr\u00e9ditos correspondientes a las sesiones en las que haya participado.<\/p>\t\t\t\t\t\t\t\t<\/div>\n\t\t\t\t<\/div>\n\t\t\t\t\t<\/div>\n\t\t\t\t<\/div>\n\t\t\t\t\t<\/div>\n\t\t\t\t<\/div>\n\t\t\t\t<\/div>\n\t\t","protected":false},"excerpt":{"rendered":"<p>Preguntas frecuentes Preguntas frecuentes A continuaci\u00f3n encontrar\u00e1 una lista de preguntas y respuestas frecuentes. Si necesita cualquier otra informaci\u00f3n, puede enviar su pregunta a info@neuropsichiatry-hiv.com. \u00bfC\u00f3mo me inscribo en el simposio virtual? Puede inscribirse en l\u00ednea en el sitio web del simposio. Recuerde que la direcci\u00f3n de correo electr\u00f3nico facilitada ser\u00e1 su identificaci\u00f3n como usuario [&hellip;]<\/p>\n","protected":false},"author":3,"featured_media":0,"parent":0,"menu_order":0,"comment_status":"closed","ping_status":"closed","template":"","meta":{"footnotes":""},"class_list":["post-9027","page","type-page","status-publish","hentry"],"_links":{"self":[{"href":"https:\/\/neuropsychiatry-hiv.com\/es\/wp-json\/wp\/v2\/pages\/9027","targetHints":{"allow":["GET"]}}],"collection":[{"href":"https:\/\/neuropsychiatry-hiv.com\/es\/wp-json\/wp\/v2\/pages"}],"about":[{"href":"https:\/\/neuropsychiatry-hiv.com\/es\/wp-json\/wp\/v2\/types\/page"}],"author":[{"embeddable":true,"href":"https:\/\/neuropsychiatry-hiv.com\/es\/wp-json\/wp\/v2\/users\/3"}],"replies":[{"embeddable":true,"href":"https:\/\/neuropsychiatry-hiv.com\/es\/wp-json\/wp\/v2\/comments?post=9027"}],"version-history":[{"count":29,"href":"https:\/\/neuropsychiatry-hiv.com\/es\/wp-json\/wp\/v2\/pages\/9027\/revisions"}],"predecessor-version":[{"id":14223,"href":"https:\/\/neuropsychiatry-hiv.com\/es\/wp-json\/wp\/v2\/pages\/9027\/revisions\/14223"}],"wp:attachment":[{"href":"https:\/\/neuropsychiatry-hiv.com\/es\/wp-json\/wp\/v2\/media?parent=9027"}],"curies":[{"name":"wp","href":"https:\/\/api.w.org\/{rel}","templated":true}]}}