{"id":9724,"date":"2023-12-21T13:53:41","date_gmt":"2023-12-21T12:53:41","guid":{"rendered":"https:\/\/neuropsychiatry-hiv.com\/related-events\/"},"modified":"2024-05-08T09:22:26","modified_gmt":"2024-05-08T07:22:26","slug":"eventos-relacionados","status":"publish","type":"page","link":"https:\/\/neuropsychiatry-hiv.com\/es\/eventos-relacionados\/","title":{"rendered":"Eventos relacionados"},"content":{"rendered":"\t\t<div data-elementor-type=\"wp-page\" data-elementor-id=\"9724\" class=\"elementor elementor-9724 elementor-892\" data-elementor-post-type=\"page\">\n\t\t\t\t<div class=\"elementor-element elementor-element-335dbf3 e-flex e-con-boxed e-con e-parent\" data-id=\"335dbf3\" data-element_type=\"container\" data-e-type=\"container\" data-settings=\"{&quot;background_background&quot;:&quot;classic&quot;}\">\n\t\t\t\t\t<div class=\"e-con-inner\">\n\t\t\t\t<div class=\"elementor-element elementor-element-a280153 elementor-fixed elementor-widget elementor-widget-image\" data-id=\"a280153\" data-element_type=\"widget\" data-e-type=\"widget\" data-settings=\"{&quot;_position&quot;:&quot;fixed&quot;}\" data-widget_type=\"image.default\">\n\t\t\t\t<div class=\"elementor-widget-container\">\n\t\t\t\t\t\t\t\t\t\t\t\t\t\t\t<img decoding=\"async\" width=\"1\" height=\"1\" src=\"https:\/\/neuropsychiatry-hiv.com\/wp-content\/uploads\/2024\/01\/Recurso-17.svg\" class=\"attachment-large size-large wp-image-2386\" alt=\"\" \/>\t\t\t\t\t\t\t\t\t\t\t\t\t\t\t<\/div>\n\t\t\t\t<\/div>\n\t\t<div class=\"elementor-element elementor-element-ced65fd e-con-full e-flex e-con e-child\" data-id=\"ced65fd\" data-element_type=\"container\" data-e-type=\"container\">\n\t\t\t\t<div class=\"elementor-element elementor-element-8aab8ed elementor-widget elementor-widget-heading\" data-id=\"8aab8ed\" data-element_type=\"widget\" data-e-type=\"widget\" data-widget_type=\"heading.default\">\n\t\t\t\t<div class=\"elementor-widget-container\">\n\t\t\t\t\t<h1 class=\"elementor-heading-title elementor-size-default\">Eventos relacionados<\/h1>\t\t\t\t<\/div>\n\t\t\t\t<\/div>\n\t\t\t\t<\/div>\n\t\t\t\t\t<\/div>\n\t\t\t\t<\/div>\n\t\t<div class=\"elementor-element elementor-element-ea206e6 e-flex e-con-boxed e-con e-parent\" data-id=\"ea206e6\" data-element_type=\"container\" data-e-type=\"container\" data-settings=\"{&quot;background_background&quot;:&quot;classic&quot;}\">\n\t\t\t\t\t<div class=\"e-con-inner\">\n\t\t<div class=\"elementor-element elementor-element-27f11e7 e-con-full e-flex e-con e-child\" data-id=\"27f11e7\" data-element_type=\"container\" data-e-type=\"container\">\n\t\t\t\t<div class=\"elementor-element elementor-element-0494feb elementor-widget elementor-widget-heading\" data-id=\"0494feb\" data-element_type=\"widget\" data-e-type=\"widget\" data-widget_type=\"heading.default\">\n\t\t\t\t<div class=\"elementor-widget-container\">\n\t\t\t\t\t<h2 class=\"elementor-heading-title elementor-size-default\">20\u00aa Conferencia Europea sobre el Sida<\/h2>\t\t\t\t<\/div>\n\t\t\t\t<\/div>\n\t\t\t\t<\/div>\n\t\t<div class=\"elementor-element elementor-element-8ab14fe e-con-full e-flex e-con e-child\" data-id=\"8ab14fe\" data-element_type=\"container\" data-e-type=\"container\">\n\t\t<div class=\"elementor-element elementor-element-35ddc2c e-flex e-con-boxed e-con e-child\" data-id=\"35ddc2c\" data-element_type=\"container\" data-e-type=\"container\">\n\t\t\t\t\t<div class=\"e-con-inner\">\n\t\t\t\t<div class=\"elementor-element elementor-element-dc50ab1 elementor-widget elementor-widget-image\" data-id=\"dc50ab1\" data-element_type=\"widget\" data-e-type=\"widget\" data-widget_type=\"image.default\">\n\t\t\t\t<div class=\"elementor-widget-container\">\n\t\t\t\t\t\t\t\t\t\t\t\t\t\t\t<img fetchpriority=\"high\" decoding=\"async\" width=\"800\" height=\"450\" src=\"https:\/\/neuropsychiatry-hiv.com\/wp-content\/uploads\/2024\/05\/EACS2025-1024x576.webp\" class=\"attachment-large size-large wp-image-9709\" alt=\"\" srcset=\"https:\/\/neuropsychiatry-hiv.com\/wp-content\/uploads\/2024\/05\/EACS2025-1024x576.webp 1024w, https:\/\/neuropsychiatry-hiv.com\/wp-content\/uploads\/2024\/05\/EACS2025-300x169.webp 300w, https:\/\/neuropsychiatry-hiv.com\/wp-content\/uploads\/2024\/05\/EACS2025-768x432.webp 768w, https:\/\/neuropsychiatry-hiv.com\/wp-content\/uploads\/2024\/05\/EACS2025-600x338.webp 600w, https:\/\/neuropsychiatry-hiv.com\/wp-content\/uploads\/2024\/05\/EACS2025.webp 1080w\" sizes=\"(max-width: 800px) 100vw, 800px\" \/>\t\t\t\t\t\t\t\t\t\t\t\t\t\t\t<\/div>\n\t\t\t\t<\/div>\n\t\t\t\t\t<\/div>\n\t\t\t\t<\/div>\n\t\t<div class=\"elementor-element elementor-element-6ed0a94 e-flex e-con-boxed e-con e-child\" data-id=\"6ed0a94\" data-element_type=\"container\" data-e-type=\"container\">\n\t\t\t\t\t<div class=\"e-con-inner\">\n\t\t\t\t<div class=\"elementor-element elementor-element-c377941 elementor-widget elementor-widget-text-editor\" data-id=\"c377941\" data-element_type=\"widget\" data-e-type=\"widget\" data-widget_type=\"text-editor.default\">\n\t\t\t\t<div class=\"elementor-widget-container\">\n\t\t\t\t\t\t\t\t\t<p>La 20\u00aa Conferencia Europea sobre el Sida (#EACS2025) se organizar\u00e1 del 15 al 18 de octubre de 2025 en Par\u00eds.<\/p>\t\t\t\t\t\t\t\t<\/div>\n\t\t\t\t<\/div>\n\t\t\t\t<div class=\"elementor-element elementor-element-c5b2215 elementor-widget elementor-widget-button\" data-id=\"c5b2215\" data-element_type=\"widget\" data-e-type=\"widget\" data-widget_type=\"button.default\">\n\t\t\t\t<div class=\"elementor-widget-container\">\n\t\t\t\t\t\t\t\t\t<div class=\"elementor-button-wrapper\">\n\t\t\t\t\t<a class=\"elementor-button elementor-button-link elementor-size-sm\" href=\"https:\/\/eacs-conference2025.com\/\" target=\"_blank\" rel=\"noopener\">\n\t\t\t\t\t\t<span class=\"elementor-button-content-wrapper\">\n\t\t\t\t\t\t\t\t\t<span class=\"elementor-button-text\">M\u00e1s informaci\u00f3n<\/span>\n\t\t\t\t\t<\/span>\n\t\t\t\t\t<\/a>\n\t\t\t\t<\/div>\n\t\t\t\t\t\t\t\t<\/div>\n\t\t\t\t<\/div>\n\t\t\t\t\t<\/div>\n\t\t\t\t<\/div>\n\t\t\t\t<\/div>\n\t\t\t\t\t<\/div>\n\t\t\t\t<\/div>\n\t\t\t\t<\/div>\n\t\t","protected":false},"excerpt":{"rendered":"<p>20\u00aa Conferencia Europea sobre el Sida La 20\u00aa Conferencia Europea sobre el Sida (#EACS2025) se organizar\u00e1 del 15 al 18 de octubre de 2025 en Par\u00eds. M\u00e1s informaci\u00f3n<\/p>\n","protected":false},"author":1,"featured_media":0,"parent":0,"menu_order":0,"comment_status":"closed","ping_status":"closed","template":"","meta":{"footnotes":""},"class_list":["post-9724","page","type-page","status-publish","hentry"],"_links":{"self":[{"href":"https:\/\/neuropsychiatry-hiv.com\/es\/wp-json\/wp\/v2\/pages\/9724","targetHints":{"allow":["GET"]}}],"collection":[{"href":"https:\/\/neuropsychiatry-hiv.com\/es\/wp-json\/wp\/v2\/pages"}],"about":[{"href":"https:\/\/neuropsychiatry-hiv.com\/es\/wp-json\/wp\/v2\/types\/page"}],"author":[{"embeddable":true,"href":"https:\/\/neuropsychiatry-hiv.com\/es\/wp-json\/wp\/v2\/users\/1"}],"replies":[{"embeddable":true,"href":"https:\/\/neuropsychiatry-hiv.com\/es\/wp-json\/wp\/v2\/comments?post=9724"}],"version-history":[{"count":7,"href":"https:\/\/neuropsychiatry-hiv.com\/es\/wp-json\/wp\/v2\/pages\/9724\/revisions"}],"predecessor-version":[{"id":9734,"href":"https:\/\/neuropsychiatry-hiv.com\/es\/wp-json\/wp\/v2\/pages\/9724\/revisions\/9734"}],"wp:attachment":[{"href":"https:\/\/neuropsychiatry-hiv.com\/es\/wp-json\/wp\/v2\/media?parent=9724"}],"curies":[{"name":"wp","href":"https:\/\/api.w.org\/{rel}","templated":true}]}}