{"id":984,"date":"2023-12-22T16:08:32","date_gmt":"2023-12-22T15:08:32","guid":{"rendered":"https:\/\/neuropsychiatry-hiv.com\/carrito\/"},"modified":"2023-12-22T16:09:50","modified_gmt":"2023-12-22T15:09:50","slug":"carrito","status":"publish","type":"page","link":"https:\/\/neuropsychiatry-hiv.com\/es\/carrito\/","title":{"rendered":"Carrito"},"content":{"rendered":"\n<div data-block-name=\"woocommerce\/cart\" class=\"wp-block-woocommerce-cart alignwide is-loading\">\n<div data-block-name=\"woocommerce\/filled-cart-block\" class=\"wp-block-woocommerce-filled-cart-block\">\n<div data-block-name=\"woocommerce\/cart-items-block\" class=\"wp-block-woocommerce-cart-items-block\">\n<div data-block-name=\"woocommerce\/cart-line-items-block\" class=\"wp-block-woocommerce-cart-line-items-block\"><\/div>\n\n\n\n<div data-block-name=\"woocommerce\/cart-cross-sells-block\" class=\"wp-block-woocommerce-cart-cross-sells-block\">\n<h2 class=\"wp-block-heading has-large-font-size\">You may be interested in\u2026<\/h2>\n\n\n\n<div data-block-name=\"woocommerce\/cart-cross-sells-products-block\" class=\"wp-block-woocommerce-cart-cross-sells-products-block\"><\/div>\n<\/div>\n<\/div>\n\n\n\n<div data-block-name=\"woocommerce\/cart-totals-block\" class=\"wp-block-woocommerce-cart-totals-block\">\n<div data-block-name=\"woocommerce\/cart-order-summary-block\" class=\"wp-block-woocommerce-cart-order-summary-block\">\n<div data-block-name=\"woocommerce\/cart-order-summary-heading-block\" class=\"wp-block-woocommerce-cart-order-summary-heading-block\"><\/div><div data-block-name=\"woocommerce\/cart-order-summary-coupon-form-block\" class=\"wp-block-woocommerce-cart-order-summary-coupon-form-block\"><\/div><div data-block-name=\"woocommerce\/cart-order-summary-totals-block\" class=\"wp-block-woocommerce-cart-order-summary-totals-block\">\n<div data-block-name=\"woocommerce\/cart-order-summary-subtotal-block\" class=\"wp-block-woocommerce-cart-order-summary-subtotal-block\"><\/div>\n<div data-block-name=\"woocommerce\/cart-order-summary-discount-block\" class=\"wp-block-woocommerce-cart-order-summary-discount-block\"><\/div>\n<div data-block-name=\"woocommerce\/cart-order-summary-fee-block\" class=\"wp-block-woocommerce-cart-order-summary-fee-block\"><\/div>\n<div data-block-name=\"woocommerce\/cart-order-summary-shipping-block\" class=\"wp-block-woocommerce-cart-order-summary-shipping-block\"><\/div>\n<div data-block-name=\"woocommerce\/cart-order-summary-taxes-block\" class=\"wp-block-woocommerce-cart-order-summary-taxes-block\"><\/div><\/div>\n<\/div>\n\n\n\n<div data-block-name=\"woocommerce\/cart-express-payment-block\" class=\"wp-block-woocommerce-cart-express-payment-block\"><\/div>\n\n\n\n<div data-block-name=\"woocommerce\/proceed-to-checkout-block\" class=\"wp-block-woocommerce-proceed-to-checkout-block\"><\/div>\n\n\n\n<div data-block-name=\"woocommerce\/cart-accepted-payment-methods-block\" class=\"wp-block-woocommerce-cart-accepted-payment-methods-block\"><\/div>\n<\/div>\n<\/div>\n\n\n\n<div data-block-name=\"woocommerce\/empty-cart-block\" class=\"wp-block-woocommerce-empty-cart-block\">\n<h2 class=\"wp-block-heading has-text-align-center with-empty-cart-icon wc-block-cart__empty-cart__title\">Your cart is currently empty!<\/h2>\n\n\n\n<hr class=\"wp-block-separator has-alpha-channel-opacity is-style-dots\"\/>\n\n\n\n<h2 class=\"wp-block-heading has-text-align-center\">New in store<\/h2>\n\n\n<div data-block-name=\"woocommerce\/product-new\" data-columns=\"4\" data-rows=\"1\" class=\"wc-block-grid wp-block-product-new wp-block-woocommerce-product-new wc-block-product-new has-4-columns\"><ul class=\"wc-block-grid__products\"><li class=\"wc-block-grid__product\">\n\t\t\t\t<a href=\"https:\/\/neuropsychiatry-hiv.com\/es\/producto\/3-curso-basico-de-formacion-continua\/\" class=\"wc-block-grid__product-link\">\n\t\t\t\t\t\n\t\t\t\t\t<div class=\"wc-block-grid__product-image\"><img fetchpriority=\"high\" decoding=\"async\" width=\"300\" height=\"300\" src=\"https:\/\/neuropsychiatry-hiv.com\/wp-content\/uploads\/woocommerce-placeholder.png\" class=\"woocommerce-placeholder wp-post-image\" alt=\"\" srcset=\"https:\/\/neuropsychiatry-hiv.com\/wp-content\/uploads\/woocommerce-placeholder.png 1200w, https:\/\/neuropsychiatry-hiv.com\/wp-content\/uploads\/woocommerce-placeholder-300x300.png 300w, https:\/\/neuropsychiatry-hiv.com\/wp-content\/uploads\/woocommerce-placeholder-1024x1024.png 1024w, https:\/\/neuropsychiatry-hiv.com\/wp-content\/uploads\/woocommerce-placeholder-150x150.png 150w, https:\/\/neuropsychiatry-hiv.com\/wp-content\/uploads\/woocommerce-placeholder-768x768.png 768w\" sizes=\"(max-width: 300px) 100vw, 300px\" \/><\/div>\n\t\t\t\t\t<div class=\"wc-block-grid__product-title\">3 Curso b\u00e1sico de formaci\u00f3n continua<\/div>\n\t\t\t\t<\/a>\n\t\t\t\t<div class=\"wc-block-grid__product-price price\"><span class=\"woocommerce-Price-amount amount\">0,00&nbsp;<span class=\"woocommerce-Price-currencySymbol\">&euro;<\/span><\/span><\/div>\n\t\t\t\t\n\t\t\t\t<div class=\"wp-block-button wc-block-grid__product-add-to-cart\"><a href=\"\/es\/wp-json\/wp\/v2\/pages\/984?add-to-cart=14464\" aria-label=\"A\u00f1adir al carrito: &ldquo;3 Curso b\u00e1sico de formaci\u00f3n continua&rdquo;\" data-quantity=\"1\" data-product_id=\"14464\" data-product_sku=\"\" data-price=\"0\" rel=\"nofollow\" class=\"wp-block-button__link  add_to_cart_button ajax_add_to_cart\">A\u00f1adir al carrito<\/a><\/div>\n\t\t\t<\/li><li class=\"wc-block-grid__product\">\n\t\t\t\t<a href=\"https:\/\/neuropsychiatry-hiv.com\/es\/producto\/inscripcion-gratuita-19o-simposio-internacional-sobre-neuropsiquiatria-y-vih\/\" class=\"wc-block-grid__product-link\">\n\t\t\t\t\t\n\t\t\t\t\t<div class=\"wc-block-grid__product-image\"><img fetchpriority=\"high\" decoding=\"async\" width=\"300\" height=\"300\" src=\"https:\/\/neuropsychiatry-hiv.com\/wp-content\/uploads\/woocommerce-placeholder.png\" class=\"woocommerce-placeholder wp-post-image\" alt=\"\" srcset=\"https:\/\/neuropsychiatry-hiv.com\/wp-content\/uploads\/woocommerce-placeholder.png 1200w, https:\/\/neuropsychiatry-hiv.com\/wp-content\/uploads\/woocommerce-placeholder-300x300.png 300w, https:\/\/neuropsychiatry-hiv.com\/wp-content\/uploads\/woocommerce-placeholder-1024x1024.png 1024w, https:\/\/neuropsychiatry-hiv.com\/wp-content\/uploads\/woocommerce-placeholder-150x150.png 150w, https:\/\/neuropsychiatry-hiv.com\/wp-content\/uploads\/woocommerce-placeholder-768x768.png 768w\" sizes=\"(max-width: 300px) 100vw, 300px\" \/><\/div>\n\t\t\t\t\t<div class=\"wc-block-grid__product-title\">Inscripci\u00f3n gratuita 19\u00ba Simposio Internacional sobre Neuropsiquiatr\u00eda y VIH<\/div>\n\t\t\t\t<\/a>\n\t\t\t\t<div class=\"wc-block-grid__product-price price\"><span class=\"woocommerce-Price-amount amount\">0,00&nbsp;<span class=\"woocommerce-Price-currencySymbol\">&euro;<\/span><\/span><\/div>\n\t\t\t\t\n\t\t\t\t<div class=\"wp-block-button wc-block-grid__product-add-to-cart\"><a href=\"\/es\/wp-json\/wp\/v2\/pages\/984?add-to-cart=14300\" aria-label=\"A\u00f1adir al carrito: &ldquo;Inscripci\u00f3n gratuita 19\u00ba Simposio Internacional sobre Neuropsiquiatr\u00eda y VIH&rdquo;\" data-quantity=\"1\" data-product_id=\"14300\" data-product_sku=\"Free Registration 19th International Symposium on Neuropsychiatry &amp; HIV-1-1\" data-price=\"0\" rel=\"nofollow\" class=\"wp-block-button__link  add_to_cart_button ajax_add_to_cart\">A\u00f1adir al carrito<\/a><\/div>\n\t\t\t<\/li><li class=\"wc-block-grid__product\">\n\t\t\t\t<a href=\"https:\/\/neuropsychiatry-hiv.com\/es\/producto\/inscripcion-gratuita-18o-simposio-internacional-sobre-neuropsiquiatria-y-vih\/\" class=\"wc-block-grid__product-link\">\n\t\t\t\t\t\n\t\t\t\t\t<div class=\"wc-block-grid__product-image\"><img fetchpriority=\"high\" decoding=\"async\" width=\"300\" height=\"300\" src=\"https:\/\/neuropsychiatry-hiv.com\/wp-content\/uploads\/woocommerce-placeholder.png\" class=\"woocommerce-placeholder wp-post-image\" alt=\"\" srcset=\"https:\/\/neuropsychiatry-hiv.com\/wp-content\/uploads\/woocommerce-placeholder.png 1200w, https:\/\/neuropsychiatry-hiv.com\/wp-content\/uploads\/woocommerce-placeholder-300x300.png 300w, https:\/\/neuropsychiatry-hiv.com\/wp-content\/uploads\/woocommerce-placeholder-1024x1024.png 1024w, https:\/\/neuropsychiatry-hiv.com\/wp-content\/uploads\/woocommerce-placeholder-150x150.png 150w, https:\/\/neuropsychiatry-hiv.com\/wp-content\/uploads\/woocommerce-placeholder-768x768.png 768w\" sizes=\"(max-width: 300px) 100vw, 300px\" \/><\/div>\n\t\t\t\t\t<div class=\"wc-block-grid__product-title\">Inscripci\u00f3n gratuita 18\u00ba Simposio Internacional sobre Neuropsiquiatr\u00eda y VIH<\/div>\n\t\t\t\t<\/a>\n\t\t\t\t<div class=\"wc-block-grid__product-price price\"><span class=\"woocommerce-Price-amount amount\">0,00&nbsp;<span class=\"woocommerce-Price-currencySymbol\">&euro;<\/span><\/span><\/div>\n\t\t\t\t\n\t\t\t\t<div class=\"wp-block-button wc-block-grid__product-add-to-cart\"><a href=\"\/es\/wp-json\/wp\/v2\/pages\/984?add-to-cart=12607\" aria-label=\"A\u00f1adir al carrito: &ldquo;Inscripci\u00f3n gratuita 18\u00ba Simposio Internacional sobre Neuropsiquiatr\u00eda y VIH&rdquo;\" data-quantity=\"1\" data-product_id=\"12607\" data-product_sku=\"Free Registration 17th International Symposium on Neuropsychiatry &amp; HIV-1\" data-price=\"0\" rel=\"nofollow\" class=\"wp-block-button__link  add_to_cart_button ajax_add_to_cart\">A\u00f1adir al carrito<\/a><\/div>\n\t\t\t<\/li><\/ul><\/div><\/div>\n<\/div>\n","protected":false},"excerpt":{"rendered":"","protected":false},"author":1,"featured_media":0,"parent":0,"menu_order":0,"comment_status":"closed","ping_status":"closed","template":"","meta":{"footnotes":""},"class_list":["post-984","page","type-page","status-publish","hentry"],"_links":{"self":[{"href":"https:\/\/neuropsychiatry-hiv.com\/es\/wp-json\/wp\/v2\/pages\/984","targetHints":{"allow":["GET"]}}],"collection":[{"href":"https:\/\/neuropsychiatry-hiv.com\/es\/wp-json\/wp\/v2\/pages"}],"about":[{"href":"https:\/\/neuropsychiatry-hiv.com\/es\/wp-json\/wp\/v2\/types\/page"}],"author":[{"embeddable":true,"href":"https:\/\/neuropsychiatry-hiv.com\/es\/wp-json\/wp\/v2\/users\/1"}],"replies":[{"embeddable":true,"href":"https:\/\/neuropsychiatry-hiv.com\/es\/wp-json\/wp\/v2\/comments?post=984"}],"version-history":[{"count":0,"href":"https:\/\/neuropsychiatry-hiv.com\/es\/wp-json\/wp\/v2\/pages\/984\/revisions"}],"wp:attachment":[{"href":"https:\/\/neuropsychiatry-hiv.com\/es\/wp-json\/wp\/v2\/media?parent=984"}],"curies":[{"name":"wp","href":"https:\/\/api.w.org\/{rel}","templated":true}]}}